{"id":3032,"date":"2024-09-13T10:08:01","date_gmt":"2024-09-13T08:08:01","guid":{"rendered":"https:\/\/www.camping-caussanel.fr\/camping-en-aveyron-en-canet-de-salars\/"},"modified":"2026-02-09T14:24:39","modified_gmt":"2026-02-09T13:24:39","slug":"camping-en-aveyron-en-canet-de-salars","status":"publish","type":"page","link":"https:\/\/www.camping-caussanel.fr\/es\/","title":{"rendered":"Camping en Aveyron, en Canet-de-Salars"},"content":{"rendered":"\n<p>En el departamento de Aveyron, en el pueblo de Canet-de-Salars, entre Rodez y Millau, disfruta de una estancia inolvidable en el Camping Le Caussanel, \u00a1que te ofrece unas vacaciones frente al mar en un entorno privilegiado a orillas del lago Pareloup!\nNuestro camping de 4 estrellas, situado en un entorno natural excepcional, cuenta con un magn\u00edfico parque acu\u00e1tico y ofrece una amplia gama de actividades y servicios para que tu estancia sea un \u00e9xito. <\/p>\n","protected":false},"excerpt":{"rendered":"<p>En el departamento de Aveyron, en el pueblo de Canet-de-Salars, entre Rodez y Millau, disfruta de una estancia inolvidable en el Camping Le Caussanel, \u00a1que te ofrece unas vacaciones frente al mar en un entorno privilegiado a orillas del lago Pareloup! Nuestro camping de 4 estrellas, situado en un entorno natural excepcional, cuenta con un [&hellip;]<\/p>\n","protected":false},"author":1,"featured_media":0,"parent":0,"menu_order":0,"comment_status":"closed","ping_status":"closed","template":"templates\/template-homepage.php","meta":{"_acf_changed":false,"footnotes":""},"class_list":["post-3032","page","type-page","status-publish","hentry"],"acf":[],"yoast_head":"<!-- This site is optimized with the Yoast SEO plugin v27.3 - https:\/\/yoast.com\/product\/yoast-seo-wordpress\/ -->\n<title>Camping en Aveyron, en Canet-de-Salars - Camping Caussanel<\/title>\n<meta name=\"robots\" content=\"index, follow, max-snippet:-1, max-image-preview:large, max-video-preview:-1\" \/>\n<link rel=\"canonical\" href=\"https:\/\/www.camping-caussanel.fr\/es\/\" \/>\n<meta property=\"og:locale\" content=\"es_ES\" \/>\n<meta property=\"og:type\" content=\"article\" \/>\n<meta property=\"og:title\" content=\"Camping en Aveyron, en Canet-de-Salars - Camping Caussanel\" \/>\n<meta property=\"og:description\" content=\"En el departamento de Aveyron, en el pueblo de Canet-de-Salars, entre Rodez y Millau, disfruta de una estancia inolvidable en el Camping Le Caussanel, \u00a1que te ofrece unas vacaciones frente al mar en un entorno privilegiado a orillas del lago Pareloup! Nuestro camping de 4 estrellas, situado en un entorno natural excepcional, cuenta con un [&hellip;]\" \/>\n<meta property=\"og:url\" content=\"https:\/\/www.camping-caussanel.fr\/es\/\" \/>\n<meta property=\"og:site_name\" content=\"Camping Caussanel\" \/>\n<meta property=\"article:modified_time\" content=\"2026-02-09T13:24:39+00:00\" \/>\n<meta name=\"twitter:card\" content=\"summary_large_image\" \/>\n<meta name=\"twitter:label1\" content=\"Tiempo de lectura\" \/>\n\t<meta name=\"twitter:data1\" content=\"1 minuto\" \/>\n<script type=\"application\/ld+json\" class=\"yoast-schema-graph\">{\"@context\":\"https:\\\/\\\/schema.org\",\"@graph\":[{\"@type\":\"WebPage\",\"@id\":\"https:\\\/\\\/www.camping-caussanel.fr\\\/es\\\/\",\"url\":\"https:\\\/\\\/www.camping-caussanel.fr\\\/es\\\/\",\"name\":\"Camping en Aveyron, en Canet-de-Salars - Camping Caussanel\",\"isPartOf\":{\"@id\":\"https:\\\/\\\/www.camping-caussanel.fr\\\/es\\\/#website\"},\"datePublished\":\"2024-09-13T08:08:01+00:00\",\"dateModified\":\"2026-02-09T13:24:39+00:00\",\"breadcrumb\":{\"@id\":\"https:\\\/\\\/www.camping-caussanel.fr\\\/es\\\/#breadcrumb\"},\"inLanguage\":\"es\",\"potentialAction\":[{\"@type\":\"ReadAction\",\"target\":[\"https:\\\/\\\/www.camping-caussanel.fr\\\/es\\\/\"]}]},{\"@type\":\"BreadcrumbList\",\"@id\":\"https:\\\/\\\/www.camping-caussanel.fr\\\/es\\\/#breadcrumb\",\"itemListElement\":[{\"@type\":\"ListItem\",\"position\":1,\"name\":\"Accueil\",\"item\":\"https:\\\/\\\/www.camping-caussanel.fr\\\/es\\\/\"},{\"@type\":\"ListItem\",\"position\":2,\"name\":\"Camping en Aveyron, en Canet-de-Salars\"}]},{\"@type\":\"WebSite\",\"@id\":\"https:\\\/\\\/www.camping-caussanel.fr\\\/es\\\/#website\",\"url\":\"https:\\\/\\\/www.camping-caussanel.fr\\\/es\\\/\",\"name\":\"Camping 1\",\"description\":\"\",\"potentialAction\":[{\"@type\":\"SearchAction\",\"target\":{\"@type\":\"EntryPoint\",\"urlTemplate\":\"https:\\\/\\\/www.camping-caussanel.fr\\\/es\\\/?s={search_term_string}\"},\"query-input\":{\"@type\":\"PropertyValueSpecification\",\"valueRequired\":true,\"valueName\":\"search_term_string\"}}],\"inLanguage\":\"es\"}]}<\/script>\n<!-- \/ Yoast SEO plugin. -->","yoast_head_json":{"title":"Camping en Aveyron, en Canet-de-Salars - Camping Caussanel","robots":{"index":"index","follow":"follow","max-snippet":"max-snippet:-1","max-image-preview":"max-image-preview:large","max-video-preview":"max-video-preview:-1"},"canonical":"https:\/\/www.camping-caussanel.fr\/es\/","og_locale":"es_ES","og_type":"article","og_title":"Camping en Aveyron, en Canet-de-Salars - Camping Caussanel","og_description":"En el departamento de Aveyron, en el pueblo de Canet-de-Salars, entre Rodez y Millau, disfruta de una estancia inolvidable en el Camping Le Caussanel, \u00a1que te ofrece unas vacaciones frente al mar en un entorno privilegiado a orillas del lago Pareloup! Nuestro camping de 4 estrellas, situado en un entorno natural excepcional, cuenta con un [&hellip;]","og_url":"https:\/\/www.camping-caussanel.fr\/es\/","og_site_name":"Camping Caussanel","article_modified_time":"2026-02-09T13:24:39+00:00","twitter_card":"summary_large_image","twitter_misc":{"Tiempo de lectura":"1 minuto"},"schema":{"@context":"https:\/\/schema.org","@graph":[{"@type":"WebPage","@id":"https:\/\/www.camping-caussanel.fr\/es\/","url":"https:\/\/www.camping-caussanel.fr\/es\/","name":"Camping en Aveyron, en Canet-de-Salars - Camping Caussanel","isPartOf":{"@id":"https:\/\/www.camping-caussanel.fr\/es\/#website"},"datePublished":"2024-09-13T08:08:01+00:00","dateModified":"2026-02-09T13:24:39+00:00","breadcrumb":{"@id":"https:\/\/www.camping-caussanel.fr\/es\/#breadcrumb"},"inLanguage":"es","potentialAction":[{"@type":"ReadAction","target":["https:\/\/www.camping-caussanel.fr\/es\/"]}]},{"@type":"BreadcrumbList","@id":"https:\/\/www.camping-caussanel.fr\/es\/#breadcrumb","itemListElement":[{"@type":"ListItem","position":1,"name":"Accueil","item":"https:\/\/www.camping-caussanel.fr\/es\/"},{"@type":"ListItem","position":2,"name":"Camping en Aveyron, en Canet-de-Salars"}]},{"@type":"WebSite","@id":"https:\/\/www.camping-caussanel.fr\/es\/#website","url":"https:\/\/www.camping-caussanel.fr\/es\/","name":"Camping 1","description":"","potentialAction":[{"@type":"SearchAction","target":{"@type":"EntryPoint","urlTemplate":"https:\/\/www.camping-caussanel.fr\/es\/?s={search_term_string}"},"query-input":{"@type":"PropertyValueSpecification","valueRequired":true,"valueName":"search_term_string"}}],"inLanguage":"es"}]}},"_links":{"self":[{"href":"https:\/\/www.camping-caussanel.fr\/es\/wp-json\/wp\/v2\/pages\/3032","targetHints":{"allow":["GET"]}}],"collection":[{"href":"https:\/\/www.camping-caussanel.fr\/es\/wp-json\/wp\/v2\/pages"}],"about":[{"href":"https:\/\/www.camping-caussanel.fr\/es\/wp-json\/wp\/v2\/types\/page"}],"author":[{"embeddable":true,"href":"https:\/\/www.camping-caussanel.fr\/es\/wp-json\/wp\/v2\/users\/1"}],"replies":[{"embeddable":true,"href":"https:\/\/www.camping-caussanel.fr\/es\/wp-json\/wp\/v2\/comments?post=3032"}],"version-history":[{"count":10,"href":"https:\/\/www.camping-caussanel.fr\/es\/wp-json\/wp\/v2\/pages\/3032\/revisions"}],"predecessor-version":[{"id":302740,"href":"https:\/\/www.camping-caussanel.fr\/es\/wp-json\/wp\/v2\/pages\/3032\/revisions\/302740"}],"wp:attachment":[{"href":"https:\/\/www.camping-caussanel.fr\/es\/wp-json\/wp\/v2\/media?parent=3032"}],"curies":[{"name":"wp","href":"https:\/\/api.w.org\/{rel}","templated":true}]}}