{"id":3002,"date":"2024-09-13T10:02:53","date_gmt":"2024-09-13T08:02:53","guid":{"rendered":"https:\/\/www.camping-caussanel.fr\/informacion-legal\/"},"modified":"2024-09-13T10:32:30","modified_gmt":"2024-09-13T08:32:30","slug":"informacion-legal","status":"publish","type":"page","link":"https:\/\/www.camping-caussanel.fr\/es\/informacion-legal\/","title":{"rendered":"Informaci\u00f3n legal"},"content":{"rendered":"\n<h2 class=\"wp-block-heading\">Pre\u00e1mbulo<\/h2>\n\n<p>Las presentes Condiciones Generales de Uso establecen las normas que rigen el acceso a este sitio y sus condiciones de uso, que todos los usuarios reconocen aceptar, sin reservas, por el mero hecho de conectarse al sitio.<\/p>\n\n<h2 class=\"wp-block-heading\">Informaci\u00f3n legal<\/h2>\n\n<p>De conformidad con lo dispuesto en el art\u00edculo 6 III-1 de la Ley n\u00ba 2004-575, de 21 de junio de 2004, sobre la confianza en la econom\u00eda digital, te informamos de que el sitio web <a href=\"http:\/\/www.camping-caussanel.com\">www.camping-caussanel.com<\/a> (en adelante, el \u00abSitio\u00bb) es publicado por :<\/p>\n\n<h3 class=\"wp-block-heading\">Grupo GB<\/h3>\n\n<p><br\/><br\/><br\/><br\/>Tel +33(0)4 94 291 690 SAS au capital de 1 776 366, 82 Euros &#8211; RCS Toulon 413 562 604 TVA Intracommunautaire FR12413562604 Le Pergol\u00e8se, 1155 Avenue dei Reganeu, 83150 BANDOL El Director de la Publicaci\u00f3n es Thierry Bouchard.<\/p>\n\n<h2 class=\"wp-block-heading\">Alojamiento<\/h2>\n\n<h3 class=\"wp-block-heading\">OVH<\/h3>\n\n<p><br\/><br\/><br\/><br\/>SAS con capital de 10.059.500 euros RCS Lille M\u00e9tropole 424 761 419 00045 C\u00f3digo APE 6202A CIF: FR 22 424 761 419 Domicilio social: 2 rue Kellermann &#8211; 59100 Roubaix &#8211; Francia<\/p>\n\n<h3 class=\"wp-block-heading\">Dise\u00f1o y desarrollo gr\u00e1fico<\/h3>\n\n<p><br\/><br\/>M<strong>7creation<\/strong> 12, all\u00e9e des arbousiers &#8211; Les collines 2 &#8211; Furiani<a href=\"http:\/\/www.m7creation.com\">http:\/\/www.m7creation.com<\/a><\/p>\n\n<h2 class=\"wp-block-heading\">Protecci\u00f3n de datos personales<\/h2>\n\n<p>Groupe GB utiliza los datos personales del internauta como informaci\u00f3n confidencial. S\u00f3lo ser\u00e1 utilizada por los departamentos internos de Ciela Village para procesar tu solicitud y para mejorar y personalizar la comunicaci\u00f3n y los servicios ofrecidos a los clientes.<\/p>\n\n<p>De conformidad con la Ley francesa de Protecci\u00f3n de Datos de 6 de enero de 1978, tienes derecho a acceder, rectificar y oponerte a cualquier dato personal que te concierna. Para ello, s\u00f3lo tienes que enviarnos una solicitud por correo postal a la siguiente direcci\u00f3n, indicando tus apellidos, nombre y direcci\u00f3n a Groupe GB, Ciela Village Le Pergol\u00e8se 1155 Avenue dei Reganeu 83150 Bandol.<\/p>\n\n<h2 class=\"wp-block-heading\">Propiedad intelectual<\/h2>\n\n<p>Cualquier uso en forma de reproducci\u00f3n, distorsi\u00f3n, transmisi\u00f3n o distribuci\u00f3n de la informaci\u00f3n que aparece en el Sitio est\u00e1 sujeto a la autorizaci\u00f3n previa por escrito de Groupe GB, con la excepci\u00f3n de la copia para uso privado y no comercial (c\u00edrculo familiar). Cualquier uso no autorizado del Sitio o de su contenido har\u00e1 responsable al usuario de Internet y constituir\u00e1 una infracci\u00f3n de los derechos de autor.<\/p>\n\n<h2 class=\"wp-block-heading\">Limitaci\u00f3n de responsabilidad y exclusi\u00f3n de garant\u00edas<\/h2>\n\n<p>Groupe GB hace todo lo posible para garantizar la exactitud de la informaci\u00f3n transmitida en el Sitio y para mantenerlo actualizado regularmente. Sin embargo, pueden producirse informaciones err\u00f3neas u omisiones. No se ofrece ninguna garant\u00eda en cuanto a la exactitud de la informaci\u00f3n contenida en el Sitio. Groupe GB se reserva el derecho a modificar el Sitio y a suspender las funciones del mismo en cualquier momento y sin previo aviso.<\/p>\n\n<h2 class=\"wp-block-heading\">Fotos y planos no contractuales<\/h2>\n\n<p>Groupe GB no puede garantizar el acceso ininterrumpido al sitio: el servicio puede interrumpirse debido a problemas de mantenimiento, problemas inform\u00e1ticos, interrupci\u00f3n del servicio de Internet u otras circunstancias imprevistas. Del mismo modo, Groupe GB no se hace responsable de los retrasos, dificultades de uso o incompatibilidad entre este sitio y archivos o navegadores.<\/p>\n\n<h2 class=\"wp-block-heading\">Cookies<\/h2>\n\n<p>Cuando visitas nuestro sitio, se te asigna una \u00abcookie\u00bb permanente (peque\u00f1o archivo de texto) que se almacena en el disco duro de tu ordenador. <br\/>La cookie nos permite identificarte cuando visitas nuestro sitio para poder mejorar tu navegaci\u00f3n en \u00e9l y personalizar tu experiencia en l\u00ednea: reconocimiento autom\u00e1tico, memorizaci\u00f3n de tus residencias favoritas, etc. Tambi\u00e9n recopilamos informaci\u00f3n t\u00e9cnica sobre tu ordenador cada vez que abres una p\u00e1gina durante tu visita a nuestros sitios. Esta informaci\u00f3n incluye tu direcci\u00f3n IP (Protocolo de Internet), el sistema operativo utilizado, el tipo de navegador y la direcci\u00f3n de cualquier sitio web de referencia. Recogemos esta informaci\u00f3n para mejorar la calidad de tu experiencia durante tu visita a nuestro sitio, y no vendemos ni transferimos esta informaci\u00f3n a terceros.<\/p>\n\n<p>La mayor\u00eda de los navegadores aceptan autom\u00e1ticamente estas cookies, pero puedes eliminarlas o activar el rechazo de cookies. Como cada navegador es diferente, debes consultar el men\u00fa \u00abAyuda\u00bb de tu navegador para saber c\u00f3mo modificar tus preferencias de cookies. El comportamiento del sitio sigue siendo el mismo y todas las funciones son accesibles.<\/p>\n\n<h2 class=\"wp-block-heading\">Crear enlaces de hipertexto<\/h2>\n\n<p>Para facilitar el acceso a otros sitios que pueden proporcionar informaci\u00f3n adicional, Groupe GB ha insertado un cierto n\u00famero de enlaces en el Sitio. No obstante, Groupe GB no podr\u00e1 ser considerado responsable de los sitios de terceros a los que el internauta pueda acceder a trav\u00e9s del Sitio. Dado que Groupe GB no dispone de medios para controlar el contenido de estos sitios, no se hace responsable de su indisponibilidad, contenido, publicidad u otros elementos. A la inversa, los sitios externos pueden contener enlaces de hipertexto que apunten al Sitio. No se podr\u00e1 establecer ning\u00fan enlace de este tipo sin el consentimiento previo por escrito de Groupe GB.<\/p>\n\n<h2 class=\"wp-block-heading\">Boletines<\/h2>\n\n<p>Si te inscribes en el Sitio Web para recibir boletines informativos de Ciela Village, recibir\u00e1s informaci\u00f3n sobre nuestros servicios por correo electr\u00f3nico. Puedes darte de baja en cualquier momento haciendo clic en el enlace para darse de baja que aparece al final del bolet\u00edn.<\/p>\n\n<h2 class=\"wp-block-heading\">Concursos y Juegos<\/h2>\n\n<p>Groupe GB ofrece concursos, juegos gratuitos y promociones en el Sitio en determinados momentos. Se rigen por disposiciones especiales a las que puedes acceder en las p\u00e1ginas de Internet dedicadas a ellos.<\/p>\n\n<h2 class=\"wp-block-heading\">Legislaci\u00f3n aplicable<\/h2>\n\n<p>El sitio y su contenido se rigen por la legislaci\u00f3n francesa.<\/p>\n\n<h2 class=\"wp-block-heading\">Ponte en contacto con<\/h2>\n\n<p>Si tienes alg\u00fan comentario sobre el funcionamiento del Sitio, puedes ponerte en contacto con nosotros <a href=\"https:\/\/www.camping-caussanel.fr\/es\/ponte-en-contacto-con\/\"><strong>aqu\u00ed<\/strong><\/a>.<\/p>\n","protected":false},"excerpt":{"rendered":"<p>Pre\u00e1mbulo Las presentes Condiciones Generales de Uso establecen las normas que rigen el acceso a este sitio y sus condiciones de uso, que todos los usuarios reconocen aceptar, sin reservas, por el mero hecho de conectarse al sitio. Informaci\u00f3n legal De conformidad con lo dispuesto en el art\u00edculo 6 III-1 de la Ley n\u00ba 2004-575, [&hellip;]<\/p>\n","protected":false},"author":1,"featured_media":0,"parent":0,"menu_order":0,"comment_status":"closed","ping_status":"closed","template":"","meta":{"_acf_changed":false,"footnotes":""},"class_list":["post-3002","page","type-page","status-publish","hentry"],"acf":[],"yoast_head":"<!-- This site is optimized with the Yoast SEO plugin v27.3 - https:\/\/yoast.com\/product\/yoast-seo-wordpress\/ -->\n<title>Informaci\u00f3n legal - Camping Caussanel<\/title>\n<meta name=\"robots\" content=\"index, follow, max-snippet:-1, max-image-preview:large, max-video-preview:-1\" \/>\n<link rel=\"canonical\" href=\"https:\/\/www.camping-caussanel.fr\/es\/informacion-legal\/\" \/>\n<meta property=\"og:locale\" content=\"es_ES\" \/>\n<meta property=\"og:type\" content=\"article\" \/>\n<meta property=\"og:title\" content=\"Informaci\u00f3n legal - Camping Caussanel\" \/>\n<meta property=\"og:description\" content=\"Pre\u00e1mbulo Las presentes Condiciones Generales de Uso establecen las normas que rigen el acceso a este sitio y sus condiciones de uso, que todos los usuarios reconocen aceptar, sin reservas, por el mero hecho de conectarse al sitio. Informaci\u00f3n legal De conformidad con lo dispuesto en el art\u00edculo 6 III-1 de la Ley n\u00ba 2004-575, [&hellip;]\" \/>\n<meta property=\"og:url\" content=\"https:\/\/www.camping-caussanel.fr\/es\/informacion-legal\/\" \/>\n<meta property=\"og:site_name\" content=\"Camping Caussanel\" \/>\n<meta property=\"article:modified_time\" content=\"2024-09-13T08:32:30+00:00\" \/>\n<meta name=\"twitter:card\" content=\"summary_large_image\" \/>\n<meta name=\"twitter:label1\" content=\"Tiempo de lectura\" \/>\n\t<meta name=\"twitter:data1\" content=\"5 minutos\" \/>\n<script type=\"application\/ld+json\" class=\"yoast-schema-graph\">{\"@context\":\"https:\\\/\\\/schema.org\",\"@graph\":[{\"@type\":\"WebPage\",\"@id\":\"https:\\\/\\\/www.camping-caussanel.fr\\\/es\\\/informacion-legal\\\/\",\"url\":\"https:\\\/\\\/www.camping-caussanel.fr\\\/es\\\/informacion-legal\\\/\",\"name\":\"Informaci\u00f3n legal - Camping Caussanel\",\"isPartOf\":{\"@id\":\"https:\\\/\\\/www.camping-caussanel.fr\\\/es\\\/#website\"},\"datePublished\":\"2024-09-13T08:02:53+00:00\",\"dateModified\":\"2024-09-13T08:32:30+00:00\",\"breadcrumb\":{\"@id\":\"https:\\\/\\\/www.camping-caussanel.fr\\\/es\\\/informacion-legal\\\/#breadcrumb\"},\"inLanguage\":\"es\",\"potentialAction\":[{\"@type\":\"ReadAction\",\"target\":[\"https:\\\/\\\/www.camping-caussanel.fr\\\/es\\\/informacion-legal\\\/\"]}]},{\"@type\":\"BreadcrumbList\",\"@id\":\"https:\\\/\\\/www.camping-caussanel.fr\\\/es\\\/informacion-legal\\\/#breadcrumb\",\"itemListElement\":[{\"@type\":\"ListItem\",\"position\":1,\"name\":\"Accueil\",\"item\":\"https:\\\/\\\/www.camping-caussanel.fr\\\/es\\\/\"},{\"@type\":\"ListItem\",\"position\":2,\"name\":\"Informaci\u00f3n legal\"}]},{\"@type\":\"WebSite\",\"@id\":\"https:\\\/\\\/www.camping-caussanel.fr\\\/es\\\/#website\",\"url\":\"https:\\\/\\\/www.camping-caussanel.fr\\\/es\\\/\",\"name\":\"Camping 1\",\"description\":\"\",\"potentialAction\":[{\"@type\":\"SearchAction\",\"target\":{\"@type\":\"EntryPoint\",\"urlTemplate\":\"https:\\\/\\\/www.camping-caussanel.fr\\\/es\\\/?s={search_term_string}\"},\"query-input\":{\"@type\":\"PropertyValueSpecification\",\"valueRequired\":true,\"valueName\":\"search_term_string\"}}],\"inLanguage\":\"es\"}]}<\/script>\n<!-- \/ Yoast SEO plugin. -->","yoast_head_json":{"title":"Informaci\u00f3n legal - Camping Caussanel","robots":{"index":"index","follow":"follow","max-snippet":"max-snippet:-1","max-image-preview":"max-image-preview:large","max-video-preview":"max-video-preview:-1"},"canonical":"https:\/\/www.camping-caussanel.fr\/es\/informacion-legal\/","og_locale":"es_ES","og_type":"article","og_title":"Informaci\u00f3n legal - Camping Caussanel","og_description":"Pre\u00e1mbulo Las presentes Condiciones Generales de Uso establecen las normas que rigen el acceso a este sitio y sus condiciones de uso, que todos los usuarios reconocen aceptar, sin reservas, por el mero hecho de conectarse al sitio. Informaci\u00f3n legal De conformidad con lo dispuesto en el art\u00edculo 6 III-1 de la Ley n\u00ba 2004-575, [&hellip;]","og_url":"https:\/\/www.camping-caussanel.fr\/es\/informacion-legal\/","og_site_name":"Camping Caussanel","article_modified_time":"2024-09-13T08:32:30+00:00","twitter_card":"summary_large_image","twitter_misc":{"Tiempo de lectura":"5 minutos"},"schema":{"@context":"https:\/\/schema.org","@graph":[{"@type":"WebPage","@id":"https:\/\/www.camping-caussanel.fr\/es\/informacion-legal\/","url":"https:\/\/www.camping-caussanel.fr\/es\/informacion-legal\/","name":"Informaci\u00f3n legal - Camping Caussanel","isPartOf":{"@id":"https:\/\/www.camping-caussanel.fr\/es\/#website"},"datePublished":"2024-09-13T08:02:53+00:00","dateModified":"2024-09-13T08:32:30+00:00","breadcrumb":{"@id":"https:\/\/www.camping-caussanel.fr\/es\/informacion-legal\/#breadcrumb"},"inLanguage":"es","potentialAction":[{"@type":"ReadAction","target":["https:\/\/www.camping-caussanel.fr\/es\/informacion-legal\/"]}]},{"@type":"BreadcrumbList","@id":"https:\/\/www.camping-caussanel.fr\/es\/informacion-legal\/#breadcrumb","itemListElement":[{"@type":"ListItem","position":1,"name":"Accueil","item":"https:\/\/www.camping-caussanel.fr\/es\/"},{"@type":"ListItem","position":2,"name":"Informaci\u00f3n legal"}]},{"@type":"WebSite","@id":"https:\/\/www.camping-caussanel.fr\/es\/#website","url":"https:\/\/www.camping-caussanel.fr\/es\/","name":"Camping 1","description":"","potentialAction":[{"@type":"SearchAction","target":{"@type":"EntryPoint","urlTemplate":"https:\/\/www.camping-caussanel.fr\/es\/?s={search_term_string}"},"query-input":{"@type":"PropertyValueSpecification","valueRequired":true,"valueName":"search_term_string"}}],"inLanguage":"es"}]}},"_links":{"self":[{"href":"https:\/\/www.camping-caussanel.fr\/es\/wp-json\/wp\/v2\/pages\/3002","targetHints":{"allow":["GET"]}}],"collection":[{"href":"https:\/\/www.camping-caussanel.fr\/es\/wp-json\/wp\/v2\/pages"}],"about":[{"href":"https:\/\/www.camping-caussanel.fr\/es\/wp-json\/wp\/v2\/types\/page"}],"author":[{"embeddable":true,"href":"https:\/\/www.camping-caussanel.fr\/es\/wp-json\/wp\/v2\/users\/1"}],"replies":[{"embeddable":true,"href":"https:\/\/www.camping-caussanel.fr\/es\/wp-json\/wp\/v2\/comments?post=3002"}],"version-history":[{"count":1,"href":"https:\/\/www.camping-caussanel.fr\/es\/wp-json\/wp\/v2\/pages\/3002\/revisions"}],"predecessor-version":[{"id":3004,"href":"https:\/\/www.camping-caussanel.fr\/es\/wp-json\/wp\/v2\/pages\/3002\/revisions\/3004"}],"wp:attachment":[{"href":"https:\/\/www.camping-caussanel.fr\/es\/wp-json\/wp\/v2\/media?parent=3002"}],"curies":[{"name":"wp","href":"https:\/\/api.w.org\/{rel}","templated":true}]}}