{"id":2992,"date":"2024-09-13T10:02:47","date_gmt":"2024-09-13T08:02:47","guid":{"rendered":"https:\/\/www.camping-caussanel.fr\/camping-en-aveyron-con-parque-acuatico\/"},"modified":"2024-09-23T11:11:29","modified_gmt":"2024-09-23T09:11:29","slug":"camping-en-aveyron-con-parque-acuatico","status":"publish","type":"page","link":"https:\/\/www.camping-caussanel.fr\/es\/camping-en-aveyron-con-parque-acuatico\/","title":{"rendered":"Camping en Aveyron con parque acu\u00e1tico"},"content":{"rendered":"\n<p>\u00a1Disfruta de unas vacaciones familiares inolvidables salpicadas de ba\u00f1os y placeres acu\u00e1ticos durante tu estancia en nuestro camping Le Caussanel, en Canet-de-Salars, en el Aveyron!  <\/p>\n\n<p>Uno de los principales placeres de los veraneantes durante su estancia en nuestro camping de 4 estrellas es, por supuesto, \u00a1el agua!\nPara saciar su sed de ba\u00f1o, pueden aprovechar nuestro sublime parque acu\u00e1tico, instalado justo enfrente del lago de Pareloup.\nUn entorno especialmente agradable y una zona acu\u00e1tica perfectamente acondicionada y equipada para que toda la familia se divierta en el agua, alternando entre nadar en la piscina, deslizarse por los toboganes y relajarse junto al agua.\nPeque\u00f1os y mayores se sentir\u00e1n pronto como pez en el agua en el coraz\u00f3n del parque acu\u00e1tico de nuestro camping, situado entre Rodez y Millau, con sus magn\u00edficas instalaciones acu\u00e1ticas que te garantizan unas vacaciones inolvidables combinando diversi\u00f3n y relajaci\u00f3n con los pies en el agua.   <\/p>\n","protected":false},"excerpt":{"rendered":"<p>\u00a1Disfruta de unas vacaciones familiares inolvidables salpicadas de ba\u00f1os y placeres acu\u00e1ticos durante tu estancia en nuestro camping Le Caussanel, en Canet-de-Salars, en el Aveyron! Uno de los principales placeres de los veraneantes durante su estancia en nuestro camping de 4 estrellas es, por supuesto, \u00a1el agua! Para saciar su sed de ba\u00f1o, pueden aprovechar [&hellip;]<\/p>\n","protected":false},"author":1,"featured_media":0,"parent":0,"menu_order":0,"comment_status":"closed","ping_status":"closed","template":"","meta":{"_acf_changed":false,"footnotes":""},"class_list":["post-2992","page","type-page","status-publish","hentry"],"acf":[],"yoast_head":"<!-- This site is optimized with the Yoast SEO plugin v27.3 - https:\/\/yoast.com\/product\/yoast-seo-wordpress\/ -->\n<title>Camping en Aveyron con parque acu\u00e1tico - Camping Caussanel<\/title>\n<meta name=\"robots\" content=\"index, follow, max-snippet:-1, max-image-preview:large, max-video-preview:-1\" \/>\n<link rel=\"canonical\" href=\"https:\/\/www.camping-caussanel.fr\/es\/camping-en-aveyron-con-parque-acuatico\/\" \/>\n<meta property=\"og:locale\" content=\"es_ES\" \/>\n<meta property=\"og:type\" content=\"article\" \/>\n<meta property=\"og:title\" content=\"Camping en Aveyron con parque acu\u00e1tico - Camping Caussanel\" \/>\n<meta property=\"og:description\" content=\"\u00a1Disfruta de unas vacaciones familiares inolvidables salpicadas de ba\u00f1os y placeres acu\u00e1ticos durante tu estancia en nuestro camping Le Caussanel, en Canet-de-Salars, en el Aveyron! Uno de los principales placeres de los veraneantes durante su estancia en nuestro camping de 4 estrellas es, por supuesto, \u00a1el agua! Para saciar su sed de ba\u00f1o, pueden aprovechar [&hellip;]\" \/>\n<meta property=\"og:url\" content=\"https:\/\/www.camping-caussanel.fr\/es\/camping-en-aveyron-con-parque-acuatico\/\" \/>\n<meta property=\"og:site_name\" content=\"Camping Caussanel\" \/>\n<meta property=\"article:modified_time\" content=\"2024-09-23T09:11:29+00:00\" \/>\n<meta name=\"twitter:card\" content=\"summary_large_image\" \/>\n<meta name=\"twitter:label1\" content=\"Tiempo de lectura\" \/>\n\t<meta name=\"twitter:data1\" content=\"1 minuto\" \/>\n<script type=\"application\/ld+json\" class=\"yoast-schema-graph\">{\"@context\":\"https:\\\/\\\/schema.org\",\"@graph\":[{\"@type\":\"WebPage\",\"@id\":\"https:\\\/\\\/www.camping-caussanel.fr\\\/es\\\/camping-en-aveyron-con-parque-acuatico\\\/\",\"url\":\"https:\\\/\\\/www.camping-caussanel.fr\\\/es\\\/camping-en-aveyron-con-parque-acuatico\\\/\",\"name\":\"Camping en Aveyron con parque acu\u00e1tico - Camping Caussanel\",\"isPartOf\":{\"@id\":\"https:\\\/\\\/www.camping-caussanel.fr\\\/es\\\/#website\"},\"datePublished\":\"2024-09-13T08:02:47+00:00\",\"dateModified\":\"2024-09-23T09:11:29+00:00\",\"breadcrumb\":{\"@id\":\"https:\\\/\\\/www.camping-caussanel.fr\\\/es\\\/camping-en-aveyron-con-parque-acuatico\\\/#breadcrumb\"},\"inLanguage\":\"es\",\"potentialAction\":[{\"@type\":\"ReadAction\",\"target\":[\"https:\\\/\\\/www.camping-caussanel.fr\\\/es\\\/camping-en-aveyron-con-parque-acuatico\\\/\"]}]},{\"@type\":\"BreadcrumbList\",\"@id\":\"https:\\\/\\\/www.camping-caussanel.fr\\\/es\\\/camping-en-aveyron-con-parque-acuatico\\\/#breadcrumb\",\"itemListElement\":[{\"@type\":\"ListItem\",\"position\":1,\"name\":\"Accueil\",\"item\":\"https:\\\/\\\/www.camping-caussanel.fr\\\/es\\\/\"},{\"@type\":\"ListItem\",\"position\":2,\"name\":\"Camping en Aveyron con parque acu\u00e1tico\"}]},{\"@type\":\"WebSite\",\"@id\":\"https:\\\/\\\/www.camping-caussanel.fr\\\/es\\\/#website\",\"url\":\"https:\\\/\\\/www.camping-caussanel.fr\\\/es\\\/\",\"name\":\"Camping 1\",\"description\":\"\",\"potentialAction\":[{\"@type\":\"SearchAction\",\"target\":{\"@type\":\"EntryPoint\",\"urlTemplate\":\"https:\\\/\\\/www.camping-caussanel.fr\\\/es\\\/?s={search_term_string}\"},\"query-input\":{\"@type\":\"PropertyValueSpecification\",\"valueRequired\":true,\"valueName\":\"search_term_string\"}}],\"inLanguage\":\"es\"}]}<\/script>\n<!-- \/ Yoast SEO plugin. -->","yoast_head_json":{"title":"Camping en Aveyron con parque acu\u00e1tico - Camping Caussanel","robots":{"index":"index","follow":"follow","max-snippet":"max-snippet:-1","max-image-preview":"max-image-preview:large","max-video-preview":"max-video-preview:-1"},"canonical":"https:\/\/www.camping-caussanel.fr\/es\/camping-en-aveyron-con-parque-acuatico\/","og_locale":"es_ES","og_type":"article","og_title":"Camping en Aveyron con parque acu\u00e1tico - Camping Caussanel","og_description":"\u00a1Disfruta de unas vacaciones familiares inolvidables salpicadas de ba\u00f1os y placeres acu\u00e1ticos durante tu estancia en nuestro camping Le Caussanel, en Canet-de-Salars, en el Aveyron! Uno de los principales placeres de los veraneantes durante su estancia en nuestro camping de 4 estrellas es, por supuesto, \u00a1el agua! Para saciar su sed de ba\u00f1o, pueden aprovechar [&hellip;]","og_url":"https:\/\/www.camping-caussanel.fr\/es\/camping-en-aveyron-con-parque-acuatico\/","og_site_name":"Camping Caussanel","article_modified_time":"2024-09-23T09:11:29+00:00","twitter_card":"summary_large_image","twitter_misc":{"Tiempo de lectura":"1 minuto"},"schema":{"@context":"https:\/\/schema.org","@graph":[{"@type":"WebPage","@id":"https:\/\/www.camping-caussanel.fr\/es\/camping-en-aveyron-con-parque-acuatico\/","url":"https:\/\/www.camping-caussanel.fr\/es\/camping-en-aveyron-con-parque-acuatico\/","name":"Camping en Aveyron con parque acu\u00e1tico - Camping Caussanel","isPartOf":{"@id":"https:\/\/www.camping-caussanel.fr\/es\/#website"},"datePublished":"2024-09-13T08:02:47+00:00","dateModified":"2024-09-23T09:11:29+00:00","breadcrumb":{"@id":"https:\/\/www.camping-caussanel.fr\/es\/camping-en-aveyron-con-parque-acuatico\/#breadcrumb"},"inLanguage":"es","potentialAction":[{"@type":"ReadAction","target":["https:\/\/www.camping-caussanel.fr\/es\/camping-en-aveyron-con-parque-acuatico\/"]}]},{"@type":"BreadcrumbList","@id":"https:\/\/www.camping-caussanel.fr\/es\/camping-en-aveyron-con-parque-acuatico\/#breadcrumb","itemListElement":[{"@type":"ListItem","position":1,"name":"Accueil","item":"https:\/\/www.camping-caussanel.fr\/es\/"},{"@type":"ListItem","position":2,"name":"Camping en Aveyron con parque acu\u00e1tico"}]},{"@type":"WebSite","@id":"https:\/\/www.camping-caussanel.fr\/es\/#website","url":"https:\/\/www.camping-caussanel.fr\/es\/","name":"Camping 1","description":"","potentialAction":[{"@type":"SearchAction","target":{"@type":"EntryPoint","urlTemplate":"https:\/\/www.camping-caussanel.fr\/es\/?s={search_term_string}"},"query-input":{"@type":"PropertyValueSpecification","valueRequired":true,"valueName":"search_term_string"}}],"inLanguage":"es"}]}},"_links":{"self":[{"href":"https:\/\/www.camping-caussanel.fr\/es\/wp-json\/wp\/v2\/pages\/2992","targetHints":{"allow":["GET"]}}],"collection":[{"href":"https:\/\/www.camping-caussanel.fr\/es\/wp-json\/wp\/v2\/pages"}],"about":[{"href":"https:\/\/www.camping-caussanel.fr\/es\/wp-json\/wp\/v2\/types\/page"}],"author":[{"embeddable":true,"href":"https:\/\/www.camping-caussanel.fr\/es\/wp-json\/wp\/v2\/users\/1"}],"replies":[{"embeddable":true,"href":"https:\/\/www.camping-caussanel.fr\/es\/wp-json\/wp\/v2\/comments?post=2992"}],"version-history":[{"count":2,"href":"https:\/\/www.camping-caussanel.fr\/es\/wp-json\/wp\/v2\/pages\/2992\/revisions"}],"predecessor-version":[{"id":3254,"href":"https:\/\/www.camping-caussanel.fr\/es\/wp-json\/wp\/v2\/pages\/2992\/revisions\/3254"}],"wp:attachment":[{"href":"https:\/\/www.camping-caussanel.fr\/es\/wp-json\/wp\/v2\/media?parent=2992"}],"curies":[{"name":"wp","href":"https:\/\/api.w.org\/{rel}","templated":true}]}}