{"id":693,"date":"2024-06-25T16:39:05","date_gmt":"2024-06-25T14:39:05","guid":{"rendered":"https:\/\/www.camping-caussanel.fr\/?page_id=693"},"modified":"2024-09-13T10:32:31","modified_gmt":"2024-09-13T08:32:31","slug":"gaestebewertungen","status":"publish","type":"page","link":"https:\/\/www.camping-caussanel.fr\/de\/gaestebewertungen\/","title":{"rendered":"Die Kundenbewertungen f\u00fcr den Campingplatz Le Caussanel"},"content":{"rendered":"\n<p>Die G\u00e4ste unseres Campingplatzes Le Caussanel in Canet-de-Salars haben ihre Meinung \u00fcber ihren Urlaub geteilt, so dass Sie einen ersten Eindruck davon bekommen k\u00f6nnen, was Sie erwartet, wenn Sie unseren 4-Sterne-Campingplatz im Aveyron besuchen.<\/p>\n","protected":false},"excerpt":{"rendered":"<p>Die G\u00e4ste unseres Campingplatzes Le Caussanel in Canet-de-Salars haben ihre Meinung \u00fcber ihren Urlaub geteilt, so dass Sie einen ersten Eindruck davon bekommen k\u00f6nnen, was Sie erwartet, wenn Sie unseren 4-Sterne-Campingplatz im Aveyron besuchen.<\/p>\n","protected":false},"author":1,"featured_media":0,"parent":0,"menu_order":0,"comment_status":"closed","ping_status":"closed","template":"templates\/template-avis.php","meta":{"_acf_changed":false,"footnotes":""},"class_list":["post-693","page","type-page","status-publish","hentry"],"acf":[],"yoast_head":"<!-- This site is optimized with the Yoast SEO plugin v27.3 - https:\/\/yoast.com\/product\/yoast-seo-wordpress\/ -->\n<title>Die Kundenbewertungen f\u00fcr den Campingplatz Le Caussanel - Camping Caussanel<\/title>\n<meta name=\"robots\" content=\"index, follow, max-snippet:-1, max-image-preview:large, max-video-preview:-1\" \/>\n<link rel=\"canonical\" href=\"https:\/\/www.camping-caussanel.fr\/de\/gaestebewertungen\/\" \/>\n<meta property=\"og:locale\" content=\"de_DE\" \/>\n<meta property=\"og:type\" content=\"article\" \/>\n<meta property=\"og:title\" content=\"Die Kundenbewertungen f\u00fcr den Campingplatz Le Caussanel - Camping Caussanel\" \/>\n<meta property=\"og:description\" content=\"Die G\u00e4ste unseres Campingplatzes Le Caussanel in Canet-de-Salars haben ihre Meinung \u00fcber ihren Urlaub geteilt, so dass Sie einen ersten Eindruck davon bekommen k\u00f6nnen, was Sie erwartet, wenn Sie unseren 4-Sterne-Campingplatz im Aveyron besuchen.\" \/>\n<meta property=\"og:url\" content=\"https:\/\/www.camping-caussanel.fr\/de\/gaestebewertungen\/\" \/>\n<meta property=\"og:site_name\" content=\"Camping Caussanel\" \/>\n<meta property=\"article:modified_time\" content=\"2024-09-13T08:32:31+00:00\" \/>\n<meta name=\"twitter:card\" content=\"summary_large_image\" \/>\n<script type=\"application\/ld+json\" class=\"yoast-schema-graph\">{\"@context\":\"https:\\\/\\\/schema.org\",\"@graph\":[{\"@type\":\"WebPage\",\"@id\":\"https:\\\/\\\/www.camping-caussanel.fr\\\/de\\\/gaestebewertungen\\\/\",\"url\":\"https:\\\/\\\/www.camping-caussanel.fr\\\/de\\\/gaestebewertungen\\\/\",\"name\":\"Die Kundenbewertungen f\u00fcr den Campingplatz Le Caussanel - Camping Caussanel\",\"isPartOf\":{\"@id\":\"https:\\\/\\\/www.camping-caussanel.fr\\\/de\\\/#website\"},\"datePublished\":\"2024-06-25T14:39:05+00:00\",\"dateModified\":\"2024-09-13T08:32:31+00:00\",\"breadcrumb\":{\"@id\":\"https:\\\/\\\/www.camping-caussanel.fr\\\/de\\\/gaestebewertungen\\\/#breadcrumb\"},\"inLanguage\":\"de\",\"potentialAction\":[{\"@type\":\"ReadAction\",\"target\":[\"https:\\\/\\\/www.camping-caussanel.fr\\\/de\\\/gaestebewertungen\\\/\"]}]},{\"@type\":\"BreadcrumbList\",\"@id\":\"https:\\\/\\\/www.camping-caussanel.fr\\\/de\\\/gaestebewertungen\\\/#breadcrumb\",\"itemListElement\":[{\"@type\":\"ListItem\",\"position\":1,\"name\":\"Accueil\",\"item\":\"https:\\\/\\\/www.camping-caussanel.fr\\\/de\\\/\"},{\"@type\":\"ListItem\",\"position\":2,\"name\":\"Die Kundenbewertungen f\u00fcr den Campingplatz Le Caussanel\"}]},{\"@type\":\"WebSite\",\"@id\":\"https:\\\/\\\/www.camping-caussanel.fr\\\/de\\\/#website\",\"url\":\"https:\\\/\\\/www.camping-caussanel.fr\\\/de\\\/\",\"name\":\"Camping 1\",\"description\":\"\",\"potentialAction\":[{\"@type\":\"SearchAction\",\"target\":{\"@type\":\"EntryPoint\",\"urlTemplate\":\"https:\\\/\\\/www.camping-caussanel.fr\\\/de\\\/?s={search_term_string}\"},\"query-input\":{\"@type\":\"PropertyValueSpecification\",\"valueRequired\":true,\"valueName\":\"search_term_string\"}}],\"inLanguage\":\"de\"}]}<\/script>\n<!-- \/ Yoast SEO plugin. -->","yoast_head_json":{"title":"Die Kundenbewertungen f\u00fcr den Campingplatz Le Caussanel - Camping Caussanel","robots":{"index":"index","follow":"follow","max-snippet":"max-snippet:-1","max-image-preview":"max-image-preview:large","max-video-preview":"max-video-preview:-1"},"canonical":"https:\/\/www.camping-caussanel.fr\/de\/gaestebewertungen\/","og_locale":"de_DE","og_type":"article","og_title":"Die Kundenbewertungen f\u00fcr den Campingplatz Le Caussanel - Camping Caussanel","og_description":"Die G\u00e4ste unseres Campingplatzes Le Caussanel in Canet-de-Salars haben ihre Meinung \u00fcber ihren Urlaub geteilt, so dass Sie einen ersten Eindruck davon bekommen k\u00f6nnen, was Sie erwartet, wenn Sie unseren 4-Sterne-Campingplatz im Aveyron besuchen.","og_url":"https:\/\/www.camping-caussanel.fr\/de\/gaestebewertungen\/","og_site_name":"Camping Caussanel","article_modified_time":"2024-09-13T08:32:31+00:00","twitter_card":"summary_large_image","schema":{"@context":"https:\/\/schema.org","@graph":[{"@type":"WebPage","@id":"https:\/\/www.camping-caussanel.fr\/de\/gaestebewertungen\/","url":"https:\/\/www.camping-caussanel.fr\/de\/gaestebewertungen\/","name":"Die Kundenbewertungen f\u00fcr den Campingplatz Le Caussanel - Camping Caussanel","isPartOf":{"@id":"https:\/\/www.camping-caussanel.fr\/de\/#website"},"datePublished":"2024-06-25T14:39:05+00:00","dateModified":"2024-09-13T08:32:31+00:00","breadcrumb":{"@id":"https:\/\/www.camping-caussanel.fr\/de\/gaestebewertungen\/#breadcrumb"},"inLanguage":"de","potentialAction":[{"@type":"ReadAction","target":["https:\/\/www.camping-caussanel.fr\/de\/gaestebewertungen\/"]}]},{"@type":"BreadcrumbList","@id":"https:\/\/www.camping-caussanel.fr\/de\/gaestebewertungen\/#breadcrumb","itemListElement":[{"@type":"ListItem","position":1,"name":"Accueil","item":"https:\/\/www.camping-caussanel.fr\/de\/"},{"@type":"ListItem","position":2,"name":"Die Kundenbewertungen f\u00fcr den Campingplatz Le Caussanel"}]},{"@type":"WebSite","@id":"https:\/\/www.camping-caussanel.fr\/de\/#website","url":"https:\/\/www.camping-caussanel.fr\/de\/","name":"Camping 1","description":"","potentialAction":[{"@type":"SearchAction","target":{"@type":"EntryPoint","urlTemplate":"https:\/\/www.camping-caussanel.fr\/de\/?s={search_term_string}"},"query-input":{"@type":"PropertyValueSpecification","valueRequired":true,"valueName":"search_term_string"}}],"inLanguage":"de"}]}},"_links":{"self":[{"href":"https:\/\/www.camping-caussanel.fr\/de\/wp-json\/wp\/v2\/pages\/693","targetHints":{"allow":["GET"]}}],"collection":[{"href":"https:\/\/www.camping-caussanel.fr\/de\/wp-json\/wp\/v2\/pages"}],"about":[{"href":"https:\/\/www.camping-caussanel.fr\/de\/wp-json\/wp\/v2\/types\/page"}],"author":[{"embeddable":true,"href":"https:\/\/www.camping-caussanel.fr\/de\/wp-json\/wp\/v2\/users\/1"}],"replies":[{"embeddable":true,"href":"https:\/\/www.camping-caussanel.fr\/de\/wp-json\/wp\/v2\/comments?post=693"}],"version-history":[{"count":3,"href":"https:\/\/www.camping-caussanel.fr\/de\/wp-json\/wp\/v2\/pages\/693\/revisions"}],"predecessor-version":[{"id":3022,"href":"https:\/\/www.camping-caussanel.fr\/de\/wp-json\/wp\/v2\/pages\/693\/revisions\/3022"}],"wp:attachment":[{"href":"https:\/\/www.camping-caussanel.fr\/de\/wp-json\/wp\/v2\/media?parent=693"}],"curies":[{"name":"wp","href":"https:\/\/api.w.org\/{rel}","templated":true}]}}