{"id":3035,"date":"2024-09-13T10:08:03","date_gmt":"2024-09-13T08:08:03","guid":{"rendered":"https:\/\/www.camping-caussanel.fr\/campingplatz-in-aveyron-canet-de-salars\/"},"modified":"2026-02-09T14:23:34","modified_gmt":"2026-02-09T13:23:34","slug":"campingplatz-in-aveyron-canet-de-salars","status":"publish","type":"page","link":"https:\/\/www.camping-caussanel.fr\/de\/","title":{"rendered":"Campingplatz in Aveyron, Canet-de-Salars"},"content":{"rendered":"\n<p>Im Departement Aveyron, im Dorf Canet-de-Salars, zwischen Rodez und Millau, genie\u00dfen Sie einen unvergesslichen Aufenthalt auf dem Campingplatz Le Caussanel, der Ihnen einen Urlaub mit den F\u00fc\u00dfen im Wasser in einer privilegierten Umgebung am Ufer des Sees von Pareloup anbietet!\nUnser 4-Sterne-Campingplatz liegt in einer au\u00dfergew\u00f6hnlichen nat\u00fcrlichen Umgebung und verf\u00fcgt \u00fcber einen herrlichen Wasserpark. Er bietet zahlreiche Animationen und Serviceleistungen, die Ihren Aufenthalt zum Erfolg werden lassen! <\/p>\n","protected":false},"excerpt":{"rendered":"<p>Im Departement Aveyron, im Dorf Canet-de-Salars, zwischen Rodez und Millau, genie\u00dfen Sie einen unvergesslichen Aufenthalt auf dem Campingplatz Le Caussanel, der Ihnen einen Urlaub mit den F\u00fc\u00dfen im Wasser in einer privilegierten Umgebung am Ufer des Sees von Pareloup anbietet! Unser 4-Sterne-Campingplatz liegt in einer au\u00dfergew\u00f6hnlichen nat\u00fcrlichen Umgebung und verf\u00fcgt \u00fcber einen herrlichen Wasserpark. Er [&hellip;]<\/p>\n","protected":false},"author":1,"featured_media":0,"parent":0,"menu_order":0,"comment_status":"closed","ping_status":"closed","template":"templates\/template-homepage.php","meta":{"_acf_changed":false,"footnotes":""},"class_list":["post-3035","page","type-page","status-publish","hentry"],"acf":[],"yoast_head":"<!-- This site is optimized with the Yoast SEO plugin v27.3 - https:\/\/yoast.com\/product\/yoast-seo-wordpress\/ -->\n<title>Campingplatz in Aveyron, Canet-de-Salars - Camping Caussanel<\/title>\n<meta name=\"robots\" content=\"index, follow, max-snippet:-1, max-image-preview:large, max-video-preview:-1\" \/>\n<link rel=\"canonical\" href=\"https:\/\/www.camping-caussanel.fr\/de\/\" \/>\n<meta property=\"og:locale\" content=\"de_DE\" \/>\n<meta property=\"og:type\" content=\"article\" \/>\n<meta property=\"og:title\" content=\"Campingplatz in Aveyron, Canet-de-Salars - Camping Caussanel\" \/>\n<meta property=\"og:description\" content=\"Im Departement Aveyron, im Dorf Canet-de-Salars, zwischen Rodez und Millau, genie\u00dfen Sie einen unvergesslichen Aufenthalt auf dem Campingplatz Le Caussanel, der Ihnen einen Urlaub mit den F\u00fc\u00dfen im Wasser in einer privilegierten Umgebung am Ufer des Sees von Pareloup anbietet! Unser 4-Sterne-Campingplatz liegt in einer au\u00dfergew\u00f6hnlichen nat\u00fcrlichen Umgebung und verf\u00fcgt \u00fcber einen herrlichen Wasserpark. Er [&hellip;]\" \/>\n<meta property=\"og:url\" content=\"https:\/\/www.camping-caussanel.fr\/de\/\" \/>\n<meta property=\"og:site_name\" content=\"Camping Caussanel\" \/>\n<meta property=\"article:modified_time\" content=\"2026-02-09T13:23:34+00:00\" \/>\n<meta name=\"twitter:card\" content=\"summary_large_image\" \/>\n<meta name=\"twitter:label1\" content=\"Gesch\u00e4tzte Lesezeit\" \/>\n\t<meta name=\"twitter:data1\" content=\"1\u00a0Minute\" \/>\n<script type=\"application\/ld+json\" class=\"yoast-schema-graph\">{\"@context\":\"https:\\\/\\\/schema.org\",\"@graph\":[{\"@type\":\"WebPage\",\"@id\":\"https:\\\/\\\/www.camping-caussanel.fr\\\/de\\\/\",\"url\":\"https:\\\/\\\/www.camping-caussanel.fr\\\/de\\\/\",\"name\":\"Campingplatz in Aveyron, Canet-de-Salars - Camping Caussanel\",\"isPartOf\":{\"@id\":\"https:\\\/\\\/www.camping-caussanel.fr\\\/de\\\/#website\"},\"datePublished\":\"2024-09-13T08:08:03+00:00\",\"dateModified\":\"2026-02-09T13:23:34+00:00\",\"breadcrumb\":{\"@id\":\"https:\\\/\\\/www.camping-caussanel.fr\\\/de\\\/#breadcrumb\"},\"inLanguage\":\"de\",\"potentialAction\":[{\"@type\":\"ReadAction\",\"target\":[\"https:\\\/\\\/www.camping-caussanel.fr\\\/de\\\/\"]}]},{\"@type\":\"BreadcrumbList\",\"@id\":\"https:\\\/\\\/www.camping-caussanel.fr\\\/de\\\/#breadcrumb\",\"itemListElement\":[{\"@type\":\"ListItem\",\"position\":1,\"name\":\"Accueil\",\"item\":\"https:\\\/\\\/www.camping-caussanel.fr\\\/de\\\/\"},{\"@type\":\"ListItem\",\"position\":2,\"name\":\"Campingplatz in Aveyron, Canet-de-Salars\"}]},{\"@type\":\"WebSite\",\"@id\":\"https:\\\/\\\/www.camping-caussanel.fr\\\/de\\\/#website\",\"url\":\"https:\\\/\\\/www.camping-caussanel.fr\\\/de\\\/\",\"name\":\"Camping 1\",\"description\":\"\",\"potentialAction\":[{\"@type\":\"SearchAction\",\"target\":{\"@type\":\"EntryPoint\",\"urlTemplate\":\"https:\\\/\\\/www.camping-caussanel.fr\\\/de\\\/?s={search_term_string}\"},\"query-input\":{\"@type\":\"PropertyValueSpecification\",\"valueRequired\":true,\"valueName\":\"search_term_string\"}}],\"inLanguage\":\"de\"}]}<\/script>\n<!-- \/ Yoast SEO plugin. -->","yoast_head_json":{"title":"Campingplatz in Aveyron, Canet-de-Salars - Camping Caussanel","robots":{"index":"index","follow":"follow","max-snippet":"max-snippet:-1","max-image-preview":"max-image-preview:large","max-video-preview":"max-video-preview:-1"},"canonical":"https:\/\/www.camping-caussanel.fr\/de\/","og_locale":"de_DE","og_type":"article","og_title":"Campingplatz in Aveyron, Canet-de-Salars - Camping Caussanel","og_description":"Im Departement Aveyron, im Dorf Canet-de-Salars, zwischen Rodez und Millau, genie\u00dfen Sie einen unvergesslichen Aufenthalt auf dem Campingplatz Le Caussanel, der Ihnen einen Urlaub mit den F\u00fc\u00dfen im Wasser in einer privilegierten Umgebung am Ufer des Sees von Pareloup anbietet! Unser 4-Sterne-Campingplatz liegt in einer au\u00dfergew\u00f6hnlichen nat\u00fcrlichen Umgebung und verf\u00fcgt \u00fcber einen herrlichen Wasserpark. Er [&hellip;]","og_url":"https:\/\/www.camping-caussanel.fr\/de\/","og_site_name":"Camping Caussanel","article_modified_time":"2026-02-09T13:23:34+00:00","twitter_card":"summary_large_image","twitter_misc":{"Gesch\u00e4tzte Lesezeit":"1\u00a0Minute"},"schema":{"@context":"https:\/\/schema.org","@graph":[{"@type":"WebPage","@id":"https:\/\/www.camping-caussanel.fr\/de\/","url":"https:\/\/www.camping-caussanel.fr\/de\/","name":"Campingplatz in Aveyron, Canet-de-Salars - Camping Caussanel","isPartOf":{"@id":"https:\/\/www.camping-caussanel.fr\/de\/#website"},"datePublished":"2024-09-13T08:08:03+00:00","dateModified":"2026-02-09T13:23:34+00:00","breadcrumb":{"@id":"https:\/\/www.camping-caussanel.fr\/de\/#breadcrumb"},"inLanguage":"de","potentialAction":[{"@type":"ReadAction","target":["https:\/\/www.camping-caussanel.fr\/de\/"]}]},{"@type":"BreadcrumbList","@id":"https:\/\/www.camping-caussanel.fr\/de\/#breadcrumb","itemListElement":[{"@type":"ListItem","position":1,"name":"Accueil","item":"https:\/\/www.camping-caussanel.fr\/de\/"},{"@type":"ListItem","position":2,"name":"Campingplatz in Aveyron, Canet-de-Salars"}]},{"@type":"WebSite","@id":"https:\/\/www.camping-caussanel.fr\/de\/#website","url":"https:\/\/www.camping-caussanel.fr\/de\/","name":"Camping 1","description":"","potentialAction":[{"@type":"SearchAction","target":{"@type":"EntryPoint","urlTemplate":"https:\/\/www.camping-caussanel.fr\/de\/?s={search_term_string}"},"query-input":{"@type":"PropertyValueSpecification","valueRequired":true,"valueName":"search_term_string"}}],"inLanguage":"de"}]}},"_links":{"self":[{"href":"https:\/\/www.camping-caussanel.fr\/de\/wp-json\/wp\/v2\/pages\/3035","targetHints":{"allow":["GET"]}}],"collection":[{"href":"https:\/\/www.camping-caussanel.fr\/de\/wp-json\/wp\/v2\/pages"}],"about":[{"href":"https:\/\/www.camping-caussanel.fr\/de\/wp-json\/wp\/v2\/types\/page"}],"author":[{"embeddable":true,"href":"https:\/\/www.camping-caussanel.fr\/de\/wp-json\/wp\/v2\/users\/1"}],"replies":[{"embeddable":true,"href":"https:\/\/www.camping-caussanel.fr\/de\/wp-json\/wp\/v2\/comments?post=3035"}],"version-history":[{"count":6,"href":"https:\/\/www.camping-caussanel.fr\/de\/wp-json\/wp\/v2\/pages\/3035\/revisions"}],"predecessor-version":[{"id":302738,"href":"https:\/\/www.camping-caussanel.fr\/de\/wp-json\/wp\/v2\/pages\/3035\/revisions\/302738"}],"wp:attachment":[{"href":"https:\/\/www.camping-caussanel.fr\/de\/wp-json\/wp\/v2\/media?parent=3035"}],"curies":[{"name":"wp","href":"https:\/\/api.w.org\/{rel}","templated":true}]}}