{"id":3017,"date":"2024-09-13T10:03:01","date_gmt":"2024-09-13T08:03:01","guid":{"rendered":"https:\/\/www.camping-caussanel.fr\/ciela-village-eine-kette-von-hochwertigen-freilufthotels-erleben-sie-urlaub-in-aussergewoehnlichen-natuerlichen-umgebungen-in-frankreich\/"},"modified":"2024-09-16T11:02:20","modified_gmt":"2024-09-16T09:02:20","slug":"carte-des-campings","status":"publish","type":"page","link":"https:\/\/www.camping-caussanel.fr\/de\/carte-des-campings\/","title":{"rendered":"Ciela Village, eine Kette von hochwertigen Freilufthotels: Erleben Sie Urlaub in au\u00dfergew\u00f6hnlichen nat\u00fcrlichen Umgebungen in Frankreich!"},"content":{"rendered":"\n<p>F\u00fcr einen Urlaub in Frankreich, in einer au\u00dfergew\u00f6hnlichen nat\u00fcrlichen Umgebung, w\u00e4hlen Sie unsere Kette von Hotels in der Natur Ciela Village.<\/p>\n\n<p>Alle unsere Campingpl\u00e4tze liegen in wundersch\u00f6nen Regionen Frankreichs wie der Provence, Okzitanien, der Ard\u00e8che, dem Verdon und vielen anderen.\nSie m\u00fcssen nur noch den Ort ausw\u00e4hlen, an dem Sie und Ihre Familie Ihren n\u00e4chsten Urlaub verbringen m\u00f6chten. <\/p>\n\n<p>Ciela Village, eine Gruppe von Freilufthotels, bietet Ihnen alles, was Sie f\u00fcr einen unvergesslichen Aufenthalt brauchen: eine au\u00dfergew\u00f6hnliche nat\u00fcrliche Umgebung, eine perfekte geographische Lage, um die Region zu erkunden, qualitativ hochwertige Unterk\u00fcnfte, Wasser-, Sport- und Freizeiteinrichtungen sowie eine Vielzahl an Animationen, um die ganze Familie zu unterhalten.<\/p>\n\n<p>Auf unserer Ciela Village-Website k\u00f6nnen Sie alle unsere Campingpl\u00e4tze erkunden und denjenigen finden, der am besten zu Ihnen passt.<\/p>\n","protected":false},"excerpt":{"rendered":"<p>F\u00fcr einen Urlaub in Frankreich, in einer au\u00dfergew\u00f6hnlichen nat\u00fcrlichen Umgebung, w\u00e4hlen Sie unsere Kette von Hotels in der Natur Ciela Village. Alle unsere Campingpl\u00e4tze liegen in wundersch\u00f6nen Regionen Frankreichs wie der Provence, Okzitanien, der Ard\u00e8che, dem Verdon und vielen anderen. Sie m\u00fcssen nur noch den Ort ausw\u00e4hlen, an dem Sie und Ihre Familie Ihren n\u00e4chsten [&hellip;]<\/p>\n","protected":false},"author":1,"featured_media":0,"parent":0,"menu_order":0,"comment_status":"closed","ping_status":"open","template":"","meta":{"_acf_changed":false,"footnotes":""},"class_list":["post-3017","page","type-page","status-publish","hentry"],"acf":[],"yoast_head":"<!-- This site is optimized with the Yoast SEO plugin v27.3 - https:\/\/yoast.com\/product\/yoast-seo-wordpress\/ -->\n<title>Ciela Village, eine Kette von hochwertigen Freilufthotels: Erleben Sie Urlaub in au\u00dfergew\u00f6hnlichen nat\u00fcrlichen Umgebungen in Frankreich! - Camping Caussanel<\/title>\n<meta name=\"robots\" content=\"index, follow, max-snippet:-1, max-image-preview:large, max-video-preview:-1\" \/>\n<link rel=\"canonical\" href=\"https:\/\/www.camping-caussanel.fr\/de\/carte-des-campings\/\" \/>\n<meta property=\"og:locale\" content=\"de_DE\" \/>\n<meta property=\"og:type\" content=\"article\" \/>\n<meta property=\"og:title\" content=\"Ciela Village, eine Kette von hochwertigen Freilufthotels: Erleben Sie Urlaub in au\u00dfergew\u00f6hnlichen nat\u00fcrlichen Umgebungen in Frankreich! - Camping Caussanel\" \/>\n<meta property=\"og:description\" content=\"F\u00fcr einen Urlaub in Frankreich, in einer au\u00dfergew\u00f6hnlichen nat\u00fcrlichen Umgebung, w\u00e4hlen Sie unsere Kette von Hotels in der Natur Ciela Village. Alle unsere Campingpl\u00e4tze liegen in wundersch\u00f6nen Regionen Frankreichs wie der Provence, Okzitanien, der Ard\u00e8che, dem Verdon und vielen anderen. Sie m\u00fcssen nur noch den Ort ausw\u00e4hlen, an dem Sie und Ihre Familie Ihren n\u00e4chsten [&hellip;]\" \/>\n<meta property=\"og:url\" content=\"https:\/\/www.camping-caussanel.fr\/de\/carte-des-campings\/\" \/>\n<meta property=\"og:site_name\" content=\"Camping Caussanel\" \/>\n<meta property=\"article:modified_time\" content=\"2024-09-16T09:02:20+00:00\" \/>\n<meta name=\"twitter:card\" content=\"summary_large_image\" \/>\n<meta name=\"twitter:label1\" content=\"Gesch\u00e4tzte Lesezeit\" \/>\n\t<meta name=\"twitter:data1\" content=\"1\u00a0Minute\" \/>\n<script type=\"application\/ld+json\" class=\"yoast-schema-graph\">{\"@context\":\"https:\\\/\\\/schema.org\",\"@graph\":[{\"@type\":\"WebPage\",\"@id\":\"https:\\\/\\\/www.camping-caussanel.fr\\\/de\\\/carte-des-campings\\\/\",\"url\":\"https:\\\/\\\/www.camping-caussanel.fr\\\/de\\\/carte-des-campings\\\/\",\"name\":\"Ciela Village, eine Kette von hochwertigen Freilufthotels: Erleben Sie Urlaub in au\u00dfergew\u00f6hnlichen nat\u00fcrlichen Umgebungen in Frankreich! - Camping Caussanel\",\"isPartOf\":{\"@id\":\"https:\\\/\\\/www.camping-caussanel.fr\\\/de\\\/#website\"},\"datePublished\":\"2024-09-13T08:03:01+00:00\",\"dateModified\":\"2024-09-16T09:02:20+00:00\",\"breadcrumb\":{\"@id\":\"https:\\\/\\\/www.camping-caussanel.fr\\\/de\\\/carte-des-campings\\\/#breadcrumb\"},\"inLanguage\":\"de\",\"potentialAction\":[{\"@type\":\"ReadAction\",\"target\":[\"https:\\\/\\\/www.camping-caussanel.fr\\\/de\\\/carte-des-campings\\\/\"]}]},{\"@type\":\"BreadcrumbList\",\"@id\":\"https:\\\/\\\/www.camping-caussanel.fr\\\/de\\\/carte-des-campings\\\/#breadcrumb\",\"itemListElement\":[{\"@type\":\"ListItem\",\"position\":1,\"name\":\"Accueil\",\"item\":\"https:\\\/\\\/www.camping-caussanel.fr\\\/de\\\/\"},{\"@type\":\"ListItem\",\"position\":2,\"name\":\"Ciela Village, eine Kette von hochwertigen Freilufthotels: Erleben Sie Urlaub in au\u00dfergew\u00f6hnlichen nat\u00fcrlichen Umgebungen in Frankreich!\"}]},{\"@type\":\"WebSite\",\"@id\":\"https:\\\/\\\/www.camping-caussanel.fr\\\/de\\\/#website\",\"url\":\"https:\\\/\\\/www.camping-caussanel.fr\\\/de\\\/\",\"name\":\"Camping 1\",\"description\":\"\",\"potentialAction\":[{\"@type\":\"SearchAction\",\"target\":{\"@type\":\"EntryPoint\",\"urlTemplate\":\"https:\\\/\\\/www.camping-caussanel.fr\\\/de\\\/?s={search_term_string}\"},\"query-input\":{\"@type\":\"PropertyValueSpecification\",\"valueRequired\":true,\"valueName\":\"search_term_string\"}}],\"inLanguage\":\"de\"}]}<\/script>\n<!-- \/ Yoast SEO plugin. -->","yoast_head_json":{"title":"Ciela Village, eine Kette von hochwertigen Freilufthotels: Erleben Sie Urlaub in au\u00dfergew\u00f6hnlichen nat\u00fcrlichen Umgebungen in Frankreich! - Camping Caussanel","robots":{"index":"index","follow":"follow","max-snippet":"max-snippet:-1","max-image-preview":"max-image-preview:large","max-video-preview":"max-video-preview:-1"},"canonical":"https:\/\/www.camping-caussanel.fr\/de\/carte-des-campings\/","og_locale":"de_DE","og_type":"article","og_title":"Ciela Village, eine Kette von hochwertigen Freilufthotels: Erleben Sie Urlaub in au\u00dfergew\u00f6hnlichen nat\u00fcrlichen Umgebungen in Frankreich! - Camping Caussanel","og_description":"F\u00fcr einen Urlaub in Frankreich, in einer au\u00dfergew\u00f6hnlichen nat\u00fcrlichen Umgebung, w\u00e4hlen Sie unsere Kette von Hotels in der Natur Ciela Village. Alle unsere Campingpl\u00e4tze liegen in wundersch\u00f6nen Regionen Frankreichs wie der Provence, Okzitanien, der Ard\u00e8che, dem Verdon und vielen anderen. Sie m\u00fcssen nur noch den Ort ausw\u00e4hlen, an dem Sie und Ihre Familie Ihren n\u00e4chsten [&hellip;]","og_url":"https:\/\/www.camping-caussanel.fr\/de\/carte-des-campings\/","og_site_name":"Camping Caussanel","article_modified_time":"2024-09-16T09:02:20+00:00","twitter_card":"summary_large_image","twitter_misc":{"Gesch\u00e4tzte Lesezeit":"1\u00a0Minute"},"schema":{"@context":"https:\/\/schema.org","@graph":[{"@type":"WebPage","@id":"https:\/\/www.camping-caussanel.fr\/de\/carte-des-campings\/","url":"https:\/\/www.camping-caussanel.fr\/de\/carte-des-campings\/","name":"Ciela Village, eine Kette von hochwertigen Freilufthotels: Erleben Sie Urlaub in au\u00dfergew\u00f6hnlichen nat\u00fcrlichen Umgebungen in Frankreich! - Camping Caussanel","isPartOf":{"@id":"https:\/\/www.camping-caussanel.fr\/de\/#website"},"datePublished":"2024-09-13T08:03:01+00:00","dateModified":"2024-09-16T09:02:20+00:00","breadcrumb":{"@id":"https:\/\/www.camping-caussanel.fr\/de\/carte-des-campings\/#breadcrumb"},"inLanguage":"de","potentialAction":[{"@type":"ReadAction","target":["https:\/\/www.camping-caussanel.fr\/de\/carte-des-campings\/"]}]},{"@type":"BreadcrumbList","@id":"https:\/\/www.camping-caussanel.fr\/de\/carte-des-campings\/#breadcrumb","itemListElement":[{"@type":"ListItem","position":1,"name":"Accueil","item":"https:\/\/www.camping-caussanel.fr\/de\/"},{"@type":"ListItem","position":2,"name":"Ciela Village, eine Kette von hochwertigen Freilufthotels: Erleben Sie Urlaub in au\u00dfergew\u00f6hnlichen nat\u00fcrlichen Umgebungen in Frankreich!"}]},{"@type":"WebSite","@id":"https:\/\/www.camping-caussanel.fr\/de\/#website","url":"https:\/\/www.camping-caussanel.fr\/de\/","name":"Camping 1","description":"","potentialAction":[{"@type":"SearchAction","target":{"@type":"EntryPoint","urlTemplate":"https:\/\/www.camping-caussanel.fr\/de\/?s={search_term_string}"},"query-input":{"@type":"PropertyValueSpecification","valueRequired":true,"valueName":"search_term_string"}}],"inLanguage":"de"}]}},"_links":{"self":[{"href":"https:\/\/www.camping-caussanel.fr\/de\/wp-json\/wp\/v2\/pages\/3017","targetHints":{"allow":["GET"]}}],"collection":[{"href":"https:\/\/www.camping-caussanel.fr\/de\/wp-json\/wp\/v2\/pages"}],"about":[{"href":"https:\/\/www.camping-caussanel.fr\/de\/wp-json\/wp\/v2\/types\/page"}],"author":[{"embeddable":true,"href":"https:\/\/www.camping-caussanel.fr\/de\/wp-json\/wp\/v2\/users\/1"}],"replies":[{"embeddable":true,"href":"https:\/\/www.camping-caussanel.fr\/de\/wp-json\/wp\/v2\/comments?post=3017"}],"version-history":[{"count":1,"href":"https:\/\/www.camping-caussanel.fr\/de\/wp-json\/wp\/v2\/pages\/3017\/revisions"}],"predecessor-version":[{"id":3020,"href":"https:\/\/www.camping-caussanel.fr\/de\/wp-json\/wp\/v2\/pages\/3017\/revisions\/3020"}],"wp:attachment":[{"href":"https:\/\/www.camping-caussanel.fr\/de\/wp-json\/wp\/v2\/media?parent=3017"}],"curies":[{"name":"wp","href":"https:\/\/api.w.org\/{rel}","templated":true}]}}