{"id":3010,"date":"2024-09-13T10:02:56","date_gmt":"2024-09-13T08:02:56","guid":{"rendered":"https:\/\/www.camping-caussanel.fr\/rechtliche-hinweise\/"},"modified":"2024-09-13T10:32:30","modified_gmt":"2024-09-13T08:32:30","slug":"rechtliche-hinweise","status":"publish","type":"page","link":"https:\/\/www.camping-caussanel.fr\/de\/rechtliche-hinweise\/","title":{"rendered":"Rechtliche Hinweise"},"content":{"rendered":"\n<h2 class=\"wp-block-heading\">Pr\u00e4ambel<\/h2>\n\n<p>Die vorliegenden Allgemeinen Nutzungsbedingungen legen die Regeln f\u00fcr den Zugang zu dieser Website und ihre Nutzungsbedingungen fest, die jeder Nutzer allein durch seine Verbindung mit der Website vorbehaltlos akzeptiert.<\/p>\n\n<h2 class=\"wp-block-heading\">Rechtliche Hinweise<\/h2>\n\n<p>Gem\u00e4\u00df Artikel 6 III-1 des Gesetzes Nr. 2004-575 vom 21. Juni 2004 \u00fcber das Vertrauen in die digitale Wirtschaft informieren wir Sie, dass die Website <a href=\"http:\/\/www.camping-caussanel.com\">www.camping-caussanel.com<\/a> (im Folgenden &#8222;Website&#8220;) von :<\/p>\n\n<h3 class=\"wp-block-heading\">GB Gruppe<\/h3>\n\n<p>Tel +33(0)4 94 291 690<br\/>SAS mit einem Kapital von 1 776 366, 82 Euro &#8211; RCS Toulon 413 562 604<br\/>Umsatzsteuer FR12413562604<br\/>Le Pergol\u00e8se, 1155 Avenue dei Reganeu, 83150 BANDOL<br\/>Der Direktor der Ver\u00f6ffentlichung ist Herr Thierry Bouchard.<\/p>\n\n<h2 class=\"wp-block-heading\">Unterkunft<\/h2>\n\n<h3 class=\"wp-block-heading\">OVH<\/h3>\n\n<p>SAS mit einem Kapital von 10.059.500 \u20ac<br\/>RCS Lille M\u00e9tropole 424 761 419 00045<br\/>Code APE 6202A<br\/>MwSt.-Nr.: FR 22 424 761 419<br\/>Sitz der Gesellschaft: 2 rue Kellermann &#8211; 59100 Roubaix &#8211; Frankreich<\/p>\n\n<h3 class=\"wp-block-heading\">Grafik und Entwicklung<\/h3>\n\n<p><strong>M7creation<\/strong><br\/>12, all\u00e9e des arbousiers &#8211; Les collines 2 &#8211; Furiani<br\/><a href=\"http:\/\/www.m7creation.com\">http:\/\/www.m7creation.com<\/a><\/p>\n\n<h2 class=\"wp-block-heading\">Schutz von pers\u00f6nlichen Daten<\/h2>\n\n<p>Groupe GB verwendet die pers\u00f6nlichen Daten des Internetnutzers als vertrauliche Informationen. Sie werden ausschlie\u00dflich von den internen Abteilungen von Ciela Village verwendet, um Ihre Anfrage zu bearbeiten und um die Kommunikation und das Angebot an Dienstleistungen f\u00fcr Kunden zu verst\u00e4rken und zu personalisieren.<\/p>\n\n<p>Gem\u00e4\u00df dem franz\u00f6sischen Datenschutzgesetz vom 6. Januar 1978 haben Sie ein Recht auf Zugang, Berichtigung und Widerspruch zu Ihren pers\u00f6nlichen Daten. Hierzu gen\u00fcgt es, uns per Post unter Angabe Ihres Vor- und Nachnamens und Ihrer Anschrift zu kontaktieren: Groupe GB, Ciela Village Le Pergol\u00e8se 1155 Avenue dei Reganeu 83150 Bandol.<\/p>\n\n<h2 class=\"wp-block-heading\">Geistiges Eigentum<\/h2>\n\n<p>Jede Nutzung in Form von Vervielf\u00e4ltigung, Verf\u00e4lschung, \u00dcbertragung oder Verteilung von Informationen auf der Website bedarf der vorherigen schriftlichen Genehmigung der GB Group, mit Ausnahme von Kopien f\u00fcr den privaten und nichtkommerziellen Gebrauch (Familienkreis). Jede nicht genehmigte Nutzung der Website oder ihres Inhalts ist haftbar und stellt eine F\u00e4lschung dar.<\/p>\n\n<h2 class=\"wp-block-heading\">Haftungsbeschr\u00e4nkung und Gew\u00e4hrleistungsausschluss<\/h2>\n\n<p>Groupe GB bem\u00fcht sich, die Richtigkeit der auf der Website \u00fcbermittelten Informationen sicherzustellen und die Website regelm\u00e4\u00dfig auf dem neuesten Stand zu halten. Es kann jedoch zu Fehlinformationen oder Auslassungen kommen. Es wird keine Garantie f\u00fcr die Richtigkeit der Informationen auf der Website gegeben. Groupe GB beh\u00e4lt sich das Recht vor, die Website zu \u00e4ndern und Funktionen der Website jederzeit und ohne vorherige Ank\u00fcndigung auszusetzen.<\/p>\n\n<h2 class=\"wp-block-heading\">Fotos und Pl\u00e4ne sind nicht vertraglich bindend<\/h2>\n\n<p>Die GB Group kann keinen kontinuierlichen Zugang zur Website garantieren: Es kann vorkommen, dass der Service aufgrund von Wartungsarbeiten, Computerproblemen, St\u00f6rungen des Internetdienstes oder anderen unvorhergesehenen Umst\u00e4nden unterbrochen wird. Ebenso wenig ist Groupe GB verantwortlich f\u00fcr Verz\u00f6gerungen, Schwierigkeiten bei der Nutzung oder f\u00fcr die Inkompatibilit\u00e4t zwischen dieser Website und Dateien oder Browsern.<\/p>\n\n<h2 class=\"wp-block-heading\">Cookies<\/h2>\n\n<p>Wenn Sie unsere Website besuchen, wird Ihnen ein permanentes &#8222;Cookie&#8220; (kleine Textdatei) zugewiesen, das auf der Festplatte Ihres Computers gespeichert wird. Der Cookie erm\u00f6glicht es uns, Sie zu identifizieren, wenn Sie unsere Website besuchen, damit wir Ihre Navigation auf der Website verbessern und Ihre Online-Erfahrung personalisieren k\u00f6nnen: automatische Erkennung, Speicherung Ihrer Lieblingsresidenzen&#8230;<br\/>Wir sammeln auch technische Informationen \u00fcber Ihren Computer, jedes Mal, wenn Sie eine Seite w\u00e4hrend Ihres Besuchs auf unseren Websites \u00f6ffnen. Diese Informationen umfassen Ihre IP-Adresse (Internet Protocol), das verwendete Betriebssystem, den Browsertyp und die Adresse der Website, von der Sie kommen, falls zutreffend. Wir sammeln diese Informationen, um die Qualit\u00e4t Ihrer Erfahrung w\u00e4hrend Ihres Besuchs auf unserer Website zu verbessern, und wir verkaufen oder \u00fcberlassen diese Informationen nicht an Dritte.<\/p>\n\n<p>Die meisten Browser akzeptieren diese Cookies automatisch, aber Sie k\u00f6nnen sie l\u00f6schen oder die Ablehnung von Cookies aktivieren. Da jeder Browser anders ist, sollten Sie im &#8222;Hilfe&#8220;-Men\u00fc Ihres Browsers nachsehen, wie Sie die Cookie-Einstellungen \u00e4ndern k\u00f6nnen. Das Verhalten der Website bleibt unver\u00e4ndert und alle Funktionen sind zug\u00e4nglich.<\/p>\n\n<h2 class=\"wp-block-heading\">Erstellen von Hyperlinks<\/h2>\n\n<p>Um den Zugang zu anderen Websites zu erleichtern, die zus\u00e4tzliche Informationen bieten k\u00f6nnen, hat Groupe GB auf der Website eine Reihe von Links eingef\u00fcgt. Die GB Group haftet jedoch nicht f\u00fcr eine Website Dritter, auf die der Internetnutzer \u00fcber die Website Zugriff hat. Da die GB Group keine M\u00f6glichkeit hat, den Inhalt dieser Websites zu kontrollieren, haftet sie nicht f\u00fcr deren Nichtverf\u00fcgbarkeit, Inhalt, Werbung oder andere Elemente. Umgekehrt k\u00f6nnen externe Websites Hypertext-Links zu dieser Website enthalten. Ein solcher Link darf nur mit vorheriger schriftlicher Zustimmung von Groupe GB eingerichtet werden.<\/p>\n\n<h2 class=\"wp-block-heading\">Newsletter<\/h2>\n\n<p>Wenn Sie sich auf der Webseite f\u00fcr den Erhalt des Newsletters von Ciela Village anmelden, erhalten Sie per E-Mail Informationen \u00fcber unsere Dienstleistungen. Diese Briefe haben informativen Charakter und Sie k\u00f6nnen sich jederzeit abmelden, indem Sie auf den daf\u00fcr vorgesehenen Link am Ende des Newsletters klicken.<\/p>\n\n<h2 class=\"wp-block-heading\">Wettbewerbe und Spiele<\/h2>\n\n<p>Die GB Group bietet zu bestimmten Zeiten Wettbewerbe, kostenlose Spiele und Werbeaktionen auf der Website an. Sie werden durch besondere Bestimmungen geregelt, die auf den entsprechenden Internetseiten zug\u00e4nglich sind.<\/p>\n\n<h2 class=\"wp-block-heading\">Anwendbares Recht<\/h2>\n\n<p>Die Website und ihr Inhalt unterliegen dem franz\u00f6sischen Recht.<\/p>\n\n<h2 class=\"wp-block-heading\">Kontakt<\/h2>\n\n<p>Wenn Sie Anmerkungen zum Betrieb der Website haben, k\u00f6nnen Sie uns kontaktieren. <a href=\"https:\/\/www.camping-caussanel.fr\/de\/kontakt\/\"><strong>hier<\/strong><\/a>.<\/p>\n","protected":false},"excerpt":{"rendered":"<p>Pr\u00e4ambel Die vorliegenden Allgemeinen Nutzungsbedingungen legen die Regeln f\u00fcr den Zugang zu dieser Website und ihre Nutzungsbedingungen fest, die jeder Nutzer allein durch seine Verbindung mit der Website vorbehaltlos akzeptiert. Rechtliche Hinweise Gem\u00e4\u00df Artikel 6 III-1 des Gesetzes Nr. 2004-575 vom 21. Juni 2004 \u00fcber das Vertrauen in die digitale Wirtschaft informieren wir Sie, dass [&hellip;]<\/p>\n","protected":false},"author":1,"featured_media":0,"parent":0,"menu_order":0,"comment_status":"closed","ping_status":"closed","template":"","meta":{"_acf_changed":false,"footnotes":""},"class_list":["post-3010","page","type-page","status-publish","hentry"],"acf":[],"yoast_head":"<!-- This site is optimized with the Yoast SEO plugin v27.3 - https:\/\/yoast.com\/product\/yoast-seo-wordpress\/ -->\n<title>Rechtliche Hinweise - Camping Caussanel<\/title>\n<meta name=\"robots\" content=\"index, follow, max-snippet:-1, max-image-preview:large, max-video-preview:-1\" \/>\n<link rel=\"canonical\" href=\"https:\/\/www.camping-caussanel.fr\/de\/rechtliche-hinweise\/\" \/>\n<meta property=\"og:locale\" content=\"de_DE\" \/>\n<meta property=\"og:type\" content=\"article\" \/>\n<meta property=\"og:title\" content=\"Rechtliche Hinweise - Camping Caussanel\" \/>\n<meta property=\"og:description\" content=\"Pr\u00e4ambel Die vorliegenden Allgemeinen Nutzungsbedingungen legen die Regeln f\u00fcr den Zugang zu dieser Website und ihre Nutzungsbedingungen fest, die jeder Nutzer allein durch seine Verbindung mit der Website vorbehaltlos akzeptiert. Rechtliche Hinweise Gem\u00e4\u00df Artikel 6 III-1 des Gesetzes Nr. 2004-575 vom 21. Juni 2004 \u00fcber das Vertrauen in die digitale Wirtschaft informieren wir Sie, dass [&hellip;]\" \/>\n<meta property=\"og:url\" content=\"https:\/\/www.camping-caussanel.fr\/de\/rechtliche-hinweise\/\" \/>\n<meta property=\"og:site_name\" content=\"Camping Caussanel\" \/>\n<meta property=\"article:modified_time\" content=\"2024-09-13T08:32:30+00:00\" \/>\n<meta name=\"twitter:card\" content=\"summary_large_image\" \/>\n<meta name=\"twitter:label1\" content=\"Gesch\u00e4tzte Lesezeit\" \/>\n\t<meta name=\"twitter:data1\" content=\"4\u00a0Minuten\" \/>\n<script type=\"application\/ld+json\" class=\"yoast-schema-graph\">{\"@context\":\"https:\\\/\\\/schema.org\",\"@graph\":[{\"@type\":\"WebPage\",\"@id\":\"https:\\\/\\\/www.camping-caussanel.fr\\\/de\\\/rechtliche-hinweise\\\/\",\"url\":\"https:\\\/\\\/www.camping-caussanel.fr\\\/de\\\/rechtliche-hinweise\\\/\",\"name\":\"Rechtliche Hinweise - Camping Caussanel\",\"isPartOf\":{\"@id\":\"https:\\\/\\\/www.camping-caussanel.fr\\\/de\\\/#website\"},\"datePublished\":\"2024-09-13T08:02:56+00:00\",\"dateModified\":\"2024-09-13T08:32:30+00:00\",\"breadcrumb\":{\"@id\":\"https:\\\/\\\/www.camping-caussanel.fr\\\/de\\\/rechtliche-hinweise\\\/#breadcrumb\"},\"inLanguage\":\"de\",\"potentialAction\":[{\"@type\":\"ReadAction\",\"target\":[\"https:\\\/\\\/www.camping-caussanel.fr\\\/de\\\/rechtliche-hinweise\\\/\"]}]},{\"@type\":\"BreadcrumbList\",\"@id\":\"https:\\\/\\\/www.camping-caussanel.fr\\\/de\\\/rechtliche-hinweise\\\/#breadcrumb\",\"itemListElement\":[{\"@type\":\"ListItem\",\"position\":1,\"name\":\"Accueil\",\"item\":\"https:\\\/\\\/www.camping-caussanel.fr\\\/de\\\/\"},{\"@type\":\"ListItem\",\"position\":2,\"name\":\"Rechtliche Hinweise\"}]},{\"@type\":\"WebSite\",\"@id\":\"https:\\\/\\\/www.camping-caussanel.fr\\\/de\\\/#website\",\"url\":\"https:\\\/\\\/www.camping-caussanel.fr\\\/de\\\/\",\"name\":\"Camping 1\",\"description\":\"\",\"potentialAction\":[{\"@type\":\"SearchAction\",\"target\":{\"@type\":\"EntryPoint\",\"urlTemplate\":\"https:\\\/\\\/www.camping-caussanel.fr\\\/de\\\/?s={search_term_string}\"},\"query-input\":{\"@type\":\"PropertyValueSpecification\",\"valueRequired\":true,\"valueName\":\"search_term_string\"}}],\"inLanguage\":\"de\"}]}<\/script>\n<!-- \/ Yoast SEO plugin. -->","yoast_head_json":{"title":"Rechtliche Hinweise - Camping Caussanel","robots":{"index":"index","follow":"follow","max-snippet":"max-snippet:-1","max-image-preview":"max-image-preview:large","max-video-preview":"max-video-preview:-1"},"canonical":"https:\/\/www.camping-caussanel.fr\/de\/rechtliche-hinweise\/","og_locale":"de_DE","og_type":"article","og_title":"Rechtliche Hinweise - Camping Caussanel","og_description":"Pr\u00e4ambel Die vorliegenden Allgemeinen Nutzungsbedingungen legen die Regeln f\u00fcr den Zugang zu dieser Website und ihre Nutzungsbedingungen fest, die jeder Nutzer allein durch seine Verbindung mit der Website vorbehaltlos akzeptiert. Rechtliche Hinweise Gem\u00e4\u00df Artikel 6 III-1 des Gesetzes Nr. 2004-575 vom 21. Juni 2004 \u00fcber das Vertrauen in die digitale Wirtschaft informieren wir Sie, dass [&hellip;]","og_url":"https:\/\/www.camping-caussanel.fr\/de\/rechtliche-hinweise\/","og_site_name":"Camping Caussanel","article_modified_time":"2024-09-13T08:32:30+00:00","twitter_card":"summary_large_image","twitter_misc":{"Gesch\u00e4tzte Lesezeit":"4\u00a0Minuten"},"schema":{"@context":"https:\/\/schema.org","@graph":[{"@type":"WebPage","@id":"https:\/\/www.camping-caussanel.fr\/de\/rechtliche-hinweise\/","url":"https:\/\/www.camping-caussanel.fr\/de\/rechtliche-hinweise\/","name":"Rechtliche Hinweise - Camping Caussanel","isPartOf":{"@id":"https:\/\/www.camping-caussanel.fr\/de\/#website"},"datePublished":"2024-09-13T08:02:56+00:00","dateModified":"2024-09-13T08:32:30+00:00","breadcrumb":{"@id":"https:\/\/www.camping-caussanel.fr\/de\/rechtliche-hinweise\/#breadcrumb"},"inLanguage":"de","potentialAction":[{"@type":"ReadAction","target":["https:\/\/www.camping-caussanel.fr\/de\/rechtliche-hinweise\/"]}]},{"@type":"BreadcrumbList","@id":"https:\/\/www.camping-caussanel.fr\/de\/rechtliche-hinweise\/#breadcrumb","itemListElement":[{"@type":"ListItem","position":1,"name":"Accueil","item":"https:\/\/www.camping-caussanel.fr\/de\/"},{"@type":"ListItem","position":2,"name":"Rechtliche Hinweise"}]},{"@type":"WebSite","@id":"https:\/\/www.camping-caussanel.fr\/de\/#website","url":"https:\/\/www.camping-caussanel.fr\/de\/","name":"Camping 1","description":"","potentialAction":[{"@type":"SearchAction","target":{"@type":"EntryPoint","urlTemplate":"https:\/\/www.camping-caussanel.fr\/de\/?s={search_term_string}"},"query-input":{"@type":"PropertyValueSpecification","valueRequired":true,"valueName":"search_term_string"}}],"inLanguage":"de"}]}},"_links":{"self":[{"href":"https:\/\/www.camping-caussanel.fr\/de\/wp-json\/wp\/v2\/pages\/3010","targetHints":{"allow":["GET"]}}],"collection":[{"href":"https:\/\/www.camping-caussanel.fr\/de\/wp-json\/wp\/v2\/pages"}],"about":[{"href":"https:\/\/www.camping-caussanel.fr\/de\/wp-json\/wp\/v2\/types\/page"}],"author":[{"embeddable":true,"href":"https:\/\/www.camping-caussanel.fr\/de\/wp-json\/wp\/v2\/users\/1"}],"replies":[{"embeddable":true,"href":"https:\/\/www.camping-caussanel.fr\/de\/wp-json\/wp\/v2\/comments?post=3010"}],"version-history":[{"count":1,"href":"https:\/\/www.camping-caussanel.fr\/de\/wp-json\/wp\/v2\/pages\/3010\/revisions"}],"predecessor-version":[{"id":3013,"href":"https:\/\/www.camping-caussanel.fr\/de\/wp-json\/wp\/v2\/pages\/3010\/revisions\/3013"}],"wp:attachment":[{"href":"https:\/\/www.camping-caussanel.fr\/de\/wp-json\/wp\/v2\/media?parent=3010"}],"curies":[{"name":"wp","href":"https:\/\/api.w.org\/{rel}","templated":true}]}}