{"id":2983,"date":"2024-09-13T10:02:41","date_gmt":"2024-09-13T08:02:41","guid":{"rendered":"https:\/\/www.camping-caussanel.fr\/campingplatz-in-aveyron-mit-wasserpark\/"},"modified":"2024-09-13T10:21:44","modified_gmt":"2024-09-13T08:21:44","slug":"campingplatz-in-aveyron-mit-wasserpark","status":"publish","type":"page","link":"https:\/\/www.camping-caussanel.fr\/de\/campingplatz-in-aveyron-mit-wasserpark\/","title":{"rendered":"Campingplatz in Aveyron mit Wasserpark"},"content":{"rendered":"\n<p>Erleben Sie einen unvergesslichen Familienurlaub mit Badespa\u00df und Wasserspa\u00df auf unserem Campingplatz Le Caussanel in Canet-de-Salars im Departement Aveyron!  <\/p>\n\n<p>Eines der gr\u00f6\u00dften Vergn\u00fcgen f\u00fcr unsere G\u00e4ste w\u00e4hrend ihres Aufenthalts auf unserem 4-Sterne-Campingplatz ist nat\u00fcrlich der Sprung ins Wasser!\nUm ihren Durst zu stillen, k\u00f6nnen sie unseren wundersch\u00f6nen Wasserpark direkt gegen\u00fcber dem See von Pareloup nutzen.\nEine besonders angenehme Umgebung und ein perfekt eingerichteter und ausgestatteter Wasserpark, damit die ganze Familie Spa\u00df im Wasser haben kann, abwechselnd im Pool baden, auf den Rutschen rutschen und am Ufer entspannen!\nGro\u00df und Klein werden sich im Wasserpark unseres Campingplatzes zwischen Rodez und Millau wie ein Fisch im Wasser f\u00fchlen. Die sch\u00f6nen Wasseranlagen garantieren einen unvergesslichen Urlaub mit Spa\u00df und Entspannung im Wasser!   <\/p>\n","protected":false},"excerpt":{"rendered":"<p>Erleben Sie einen unvergesslichen Familienurlaub mit Badespa\u00df und Wasserspa\u00df auf unserem Campingplatz Le Caussanel in Canet-de-Salars im Departement Aveyron! Eines der gr\u00f6\u00dften Vergn\u00fcgen f\u00fcr unsere G\u00e4ste w\u00e4hrend ihres Aufenthalts auf unserem 4-Sterne-Campingplatz ist nat\u00fcrlich der Sprung ins Wasser! Um ihren Durst zu stillen, k\u00f6nnen sie unseren wundersch\u00f6nen Wasserpark direkt gegen\u00fcber dem See von Pareloup nutzen. [&hellip;]<\/p>\n","protected":false},"author":1,"featured_media":0,"parent":0,"menu_order":0,"comment_status":"closed","ping_status":"closed","template":"","meta":{"_acf_changed":false,"footnotes":""},"class_list":["post-2983","page","type-page","status-publish","hentry"],"acf":[],"yoast_head":"<!-- This site is optimized with the Yoast SEO plugin v27.3 - https:\/\/yoast.com\/product\/yoast-seo-wordpress\/ -->\n<title>Campingplatz in Aveyron mit Wasserpark - Camping Caussanel<\/title>\n<meta name=\"robots\" content=\"index, follow, max-snippet:-1, max-image-preview:large, max-video-preview:-1\" \/>\n<link rel=\"canonical\" href=\"https:\/\/www.camping-caussanel.fr\/de\/campingplatz-in-aveyron-mit-wasserpark\/\" \/>\n<meta property=\"og:locale\" content=\"de_DE\" \/>\n<meta property=\"og:type\" content=\"article\" \/>\n<meta property=\"og:title\" content=\"Campingplatz in Aveyron mit Wasserpark - Camping Caussanel\" \/>\n<meta property=\"og:description\" content=\"Erleben Sie einen unvergesslichen Familienurlaub mit Badespa\u00df und Wasserspa\u00df auf unserem Campingplatz Le Caussanel in Canet-de-Salars im Departement Aveyron! Eines der gr\u00f6\u00dften Vergn\u00fcgen f\u00fcr unsere G\u00e4ste w\u00e4hrend ihres Aufenthalts auf unserem 4-Sterne-Campingplatz ist nat\u00fcrlich der Sprung ins Wasser! Um ihren Durst zu stillen, k\u00f6nnen sie unseren wundersch\u00f6nen Wasserpark direkt gegen\u00fcber dem See von Pareloup nutzen. [&hellip;]\" \/>\n<meta property=\"og:url\" content=\"https:\/\/www.camping-caussanel.fr\/de\/campingplatz-in-aveyron-mit-wasserpark\/\" \/>\n<meta property=\"og:site_name\" content=\"Camping Caussanel\" \/>\n<meta property=\"article:modified_time\" content=\"2024-09-13T08:21:44+00:00\" \/>\n<meta name=\"twitter:card\" content=\"summary_large_image\" \/>\n<meta name=\"twitter:label1\" content=\"Gesch\u00e4tzte Lesezeit\" \/>\n\t<meta name=\"twitter:data1\" content=\"1\u00a0Minute\" \/>\n<script type=\"application\/ld+json\" class=\"yoast-schema-graph\">{\"@context\":\"https:\\\/\\\/schema.org\",\"@graph\":[{\"@type\":\"WebPage\",\"@id\":\"https:\\\/\\\/www.camping-caussanel.fr\\\/de\\\/campingplatz-in-aveyron-mit-wasserpark\\\/\",\"url\":\"https:\\\/\\\/www.camping-caussanel.fr\\\/de\\\/campingplatz-in-aveyron-mit-wasserpark\\\/\",\"name\":\"Campingplatz in Aveyron mit Wasserpark - Camping Caussanel\",\"isPartOf\":{\"@id\":\"https:\\\/\\\/www.camping-caussanel.fr\\\/de\\\/#website\"},\"datePublished\":\"2024-09-13T08:02:41+00:00\",\"dateModified\":\"2024-09-13T08:21:44+00:00\",\"breadcrumb\":{\"@id\":\"https:\\\/\\\/www.camping-caussanel.fr\\\/de\\\/campingplatz-in-aveyron-mit-wasserpark\\\/#breadcrumb\"},\"inLanguage\":\"de\",\"potentialAction\":[{\"@type\":\"ReadAction\",\"target\":[\"https:\\\/\\\/www.camping-caussanel.fr\\\/de\\\/campingplatz-in-aveyron-mit-wasserpark\\\/\"]}]},{\"@type\":\"BreadcrumbList\",\"@id\":\"https:\\\/\\\/www.camping-caussanel.fr\\\/de\\\/campingplatz-in-aveyron-mit-wasserpark\\\/#breadcrumb\",\"itemListElement\":[{\"@type\":\"ListItem\",\"position\":1,\"name\":\"Accueil\",\"item\":\"https:\\\/\\\/www.camping-caussanel.fr\\\/de\\\/\"},{\"@type\":\"ListItem\",\"position\":2,\"name\":\"Campingplatz in Aveyron mit Wasserpark\"}]},{\"@type\":\"WebSite\",\"@id\":\"https:\\\/\\\/www.camping-caussanel.fr\\\/de\\\/#website\",\"url\":\"https:\\\/\\\/www.camping-caussanel.fr\\\/de\\\/\",\"name\":\"Camping 1\",\"description\":\"\",\"potentialAction\":[{\"@type\":\"SearchAction\",\"target\":{\"@type\":\"EntryPoint\",\"urlTemplate\":\"https:\\\/\\\/www.camping-caussanel.fr\\\/de\\\/?s={search_term_string}\"},\"query-input\":{\"@type\":\"PropertyValueSpecification\",\"valueRequired\":true,\"valueName\":\"search_term_string\"}}],\"inLanguage\":\"de\"}]}<\/script>\n<!-- \/ Yoast SEO plugin. -->","yoast_head_json":{"title":"Campingplatz in Aveyron mit Wasserpark - Camping Caussanel","robots":{"index":"index","follow":"follow","max-snippet":"max-snippet:-1","max-image-preview":"max-image-preview:large","max-video-preview":"max-video-preview:-1"},"canonical":"https:\/\/www.camping-caussanel.fr\/de\/campingplatz-in-aveyron-mit-wasserpark\/","og_locale":"de_DE","og_type":"article","og_title":"Campingplatz in Aveyron mit Wasserpark - Camping Caussanel","og_description":"Erleben Sie einen unvergesslichen Familienurlaub mit Badespa\u00df und Wasserspa\u00df auf unserem Campingplatz Le Caussanel in Canet-de-Salars im Departement Aveyron! Eines der gr\u00f6\u00dften Vergn\u00fcgen f\u00fcr unsere G\u00e4ste w\u00e4hrend ihres Aufenthalts auf unserem 4-Sterne-Campingplatz ist nat\u00fcrlich der Sprung ins Wasser! Um ihren Durst zu stillen, k\u00f6nnen sie unseren wundersch\u00f6nen Wasserpark direkt gegen\u00fcber dem See von Pareloup nutzen. [&hellip;]","og_url":"https:\/\/www.camping-caussanel.fr\/de\/campingplatz-in-aveyron-mit-wasserpark\/","og_site_name":"Camping Caussanel","article_modified_time":"2024-09-13T08:21:44+00:00","twitter_card":"summary_large_image","twitter_misc":{"Gesch\u00e4tzte Lesezeit":"1\u00a0Minute"},"schema":{"@context":"https:\/\/schema.org","@graph":[{"@type":"WebPage","@id":"https:\/\/www.camping-caussanel.fr\/de\/campingplatz-in-aveyron-mit-wasserpark\/","url":"https:\/\/www.camping-caussanel.fr\/de\/campingplatz-in-aveyron-mit-wasserpark\/","name":"Campingplatz in Aveyron mit Wasserpark - Camping Caussanel","isPartOf":{"@id":"https:\/\/www.camping-caussanel.fr\/de\/#website"},"datePublished":"2024-09-13T08:02:41+00:00","dateModified":"2024-09-13T08:21:44+00:00","breadcrumb":{"@id":"https:\/\/www.camping-caussanel.fr\/de\/campingplatz-in-aveyron-mit-wasserpark\/#breadcrumb"},"inLanguage":"de","potentialAction":[{"@type":"ReadAction","target":["https:\/\/www.camping-caussanel.fr\/de\/campingplatz-in-aveyron-mit-wasserpark\/"]}]},{"@type":"BreadcrumbList","@id":"https:\/\/www.camping-caussanel.fr\/de\/campingplatz-in-aveyron-mit-wasserpark\/#breadcrumb","itemListElement":[{"@type":"ListItem","position":1,"name":"Accueil","item":"https:\/\/www.camping-caussanel.fr\/de\/"},{"@type":"ListItem","position":2,"name":"Campingplatz in Aveyron mit Wasserpark"}]},{"@type":"WebSite","@id":"https:\/\/www.camping-caussanel.fr\/de\/#website","url":"https:\/\/www.camping-caussanel.fr\/de\/","name":"Camping 1","description":"","potentialAction":[{"@type":"SearchAction","target":{"@type":"EntryPoint","urlTemplate":"https:\/\/www.camping-caussanel.fr\/de\/?s={search_term_string}"},"query-input":{"@type":"PropertyValueSpecification","valueRequired":true,"valueName":"search_term_string"}}],"inLanguage":"de"}]}},"_links":{"self":[{"href":"https:\/\/www.camping-caussanel.fr\/de\/wp-json\/wp\/v2\/pages\/2983","targetHints":{"allow":["GET"]}}],"collection":[{"href":"https:\/\/www.camping-caussanel.fr\/de\/wp-json\/wp\/v2\/pages"}],"about":[{"href":"https:\/\/www.camping-caussanel.fr\/de\/wp-json\/wp\/v2\/types\/page"}],"author":[{"embeddable":true,"href":"https:\/\/www.camping-caussanel.fr\/de\/wp-json\/wp\/v2\/users\/1"}],"replies":[{"embeddable":true,"href":"https:\/\/www.camping-caussanel.fr\/de\/wp-json\/wp\/v2\/comments?post=2983"}],"version-history":[{"count":1,"href":"https:\/\/www.camping-caussanel.fr\/de\/wp-json\/wp\/v2\/pages\/2983\/revisions"}],"predecessor-version":[{"id":2985,"href":"https:\/\/www.camping-caussanel.fr\/de\/wp-json\/wp\/v2\/pages\/2983\/revisions\/2985"}],"wp:attachment":[{"href":"https:\/\/www.camping-caussanel.fr\/de\/wp-json\/wp\/v2\/media?parent=2983"}],"curies":[{"name":"wp","href":"https:\/\/api.w.org\/{rel}","templated":true}]}}