{"id":2967,"date":"2024-09-13T10:02:29","date_gmt":"2024-09-13T08:02:29","guid":{"rendered":"https:\/\/www.camping-caussanel.fr\/unsere-campingplaetze-im-aveyron\/"},"modified":"2024-09-23T13:04:19","modified_gmt":"2024-09-23T11:04:19","slug":"stellplaetze-aveyron","status":"publish","type":"page","link":"https:\/\/www.camping-caussanel.fr\/de\/stellplaetze-aveyron\/","title":{"rendered":"Unsere Campingplatz Stellpl\u00e4tzen im Aveyron"},"content":{"rendered":"\n<p>Wie w\u00e4re es zur Abwechslung mit einem Urlaub unter freiem Himmel im sch\u00f6nen Departement Aveyron?\nUnser Campingplatz Le Caussanel in Canet-de-Salars, am Ufer des Sees von Pareloup, l\u00e4dt Sie ein, einen unvergesslichen Aufenthalt auf den gr\u00fcnen Stellpl\u00e4tzen in einem sch\u00f6nen Park mit B\u00e4umen zu verbringen, der zum Entspannen einl\u00e4dt.\nStellen Sie sich vor, Sie bauen Ihr Zelt auf oder stellen Ihr Wohnmobil oder Ihren Wohnwagen auf einem unserer Stellpl\u00e4tze auf, umgeben von der Natur in einer traumhaften Umgebung.\nGenie\u00dfen Sie die Ruhe und den Frieden auf unserem 4-Sterne-Campingplatz im Aveyron mit der ganzen Familie und genie\u00dfen Sie die N\u00e4he zur Natur.   <\/p>\n","protected":false},"excerpt":{"rendered":"<p>Wie w\u00e4re es zur Abwechslung mit einem Urlaub unter freiem Himmel im sch\u00f6nen Departement Aveyron? Unser Campingplatz Le Caussanel in Canet-de-Salars, am Ufer des Sees von Pareloup, l\u00e4dt Sie ein, einen unvergesslichen Aufenthalt auf den gr\u00fcnen Stellpl\u00e4tzen in einem sch\u00f6nen Park mit B\u00e4umen zu verbringen, der zum Entspannen einl\u00e4dt. Stellen Sie sich vor, Sie bauen [&hellip;]<\/p>\n","protected":false},"author":1,"featured_media":0,"parent":0,"menu_order":0,"comment_status":"closed","ping_status":"closed","template":"","meta":{"_acf_changed":false,"footnotes":""},"class_list":["post-2967","page","type-page","status-publish","hentry"],"acf":[],"yoast_head":"<!-- This site is optimized with the Yoast SEO plugin v27.3 - https:\/\/yoast.com\/product\/yoast-seo-wordpress\/ -->\n<title>Unsere Campingplatz Stellpl\u00e4tzen im Aveyron - Camping Caussanel<\/title>\n<meta name=\"robots\" content=\"index, follow, max-snippet:-1, max-image-preview:large, max-video-preview:-1\" \/>\n<link rel=\"canonical\" href=\"https:\/\/www.camping-caussanel.fr\/de\/stellplaetze-aveyron\/\" \/>\n<meta property=\"og:locale\" content=\"de_DE\" \/>\n<meta property=\"og:type\" content=\"article\" \/>\n<meta property=\"og:title\" content=\"Unsere Campingplatz Stellpl\u00e4tzen im Aveyron - Camping Caussanel\" \/>\n<meta property=\"og:description\" content=\"Wie w\u00e4re es zur Abwechslung mit einem Urlaub unter freiem Himmel im sch\u00f6nen Departement Aveyron? Unser Campingplatz Le Caussanel in Canet-de-Salars, am Ufer des Sees von Pareloup, l\u00e4dt Sie ein, einen unvergesslichen Aufenthalt auf den gr\u00fcnen Stellpl\u00e4tzen in einem sch\u00f6nen Park mit B\u00e4umen zu verbringen, der zum Entspannen einl\u00e4dt. Stellen Sie sich vor, Sie bauen [&hellip;]\" \/>\n<meta property=\"og:url\" content=\"https:\/\/www.camping-caussanel.fr\/de\/stellplaetze-aveyron\/\" \/>\n<meta property=\"og:site_name\" content=\"Camping Caussanel\" \/>\n<meta property=\"article:modified_time\" content=\"2024-09-23T11:04:19+00:00\" \/>\n<meta name=\"twitter:card\" content=\"summary_large_image\" \/>\n<meta name=\"twitter:label1\" content=\"Gesch\u00e4tzte Lesezeit\" \/>\n\t<meta name=\"twitter:data1\" content=\"1\u00a0Minute\" \/>\n<script type=\"application\/ld+json\" class=\"yoast-schema-graph\">{\"@context\":\"https:\\\/\\\/schema.org\",\"@graph\":[{\"@type\":\"WebPage\",\"@id\":\"https:\\\/\\\/www.camping-caussanel.fr\\\/de\\\/stellplaetze-aveyron\\\/\",\"url\":\"https:\\\/\\\/www.camping-caussanel.fr\\\/de\\\/stellplaetze-aveyron\\\/\",\"name\":\"Unsere Campingplatz Stellpl\u00e4tzen im Aveyron - Camping Caussanel\",\"isPartOf\":{\"@id\":\"https:\\\/\\\/www.camping-caussanel.fr\\\/de\\\/#website\"},\"datePublished\":\"2024-09-13T08:02:29+00:00\",\"dateModified\":\"2024-09-23T11:04:19+00:00\",\"breadcrumb\":{\"@id\":\"https:\\\/\\\/www.camping-caussanel.fr\\\/de\\\/stellplaetze-aveyron\\\/#breadcrumb\"},\"inLanguage\":\"de\",\"potentialAction\":[{\"@type\":\"ReadAction\",\"target\":[\"https:\\\/\\\/www.camping-caussanel.fr\\\/de\\\/stellplaetze-aveyron\\\/\"]}]},{\"@type\":\"BreadcrumbList\",\"@id\":\"https:\\\/\\\/www.camping-caussanel.fr\\\/de\\\/stellplaetze-aveyron\\\/#breadcrumb\",\"itemListElement\":[{\"@type\":\"ListItem\",\"position\":1,\"name\":\"Accueil\",\"item\":\"https:\\\/\\\/www.camping-caussanel.fr\\\/de\\\/\"},{\"@type\":\"ListItem\",\"position\":2,\"name\":\"Unsere Campingplatz Stellpl\u00e4tzen im Aveyron\"}]},{\"@type\":\"WebSite\",\"@id\":\"https:\\\/\\\/www.camping-caussanel.fr\\\/de\\\/#website\",\"url\":\"https:\\\/\\\/www.camping-caussanel.fr\\\/de\\\/\",\"name\":\"Camping 1\",\"description\":\"\",\"potentialAction\":[{\"@type\":\"SearchAction\",\"target\":{\"@type\":\"EntryPoint\",\"urlTemplate\":\"https:\\\/\\\/www.camping-caussanel.fr\\\/de\\\/?s={search_term_string}\"},\"query-input\":{\"@type\":\"PropertyValueSpecification\",\"valueRequired\":true,\"valueName\":\"search_term_string\"}}],\"inLanguage\":\"de\"}]}<\/script>\n<!-- \/ Yoast SEO plugin. -->","yoast_head_json":{"title":"Unsere Campingplatz Stellpl\u00e4tzen im Aveyron - Camping Caussanel","robots":{"index":"index","follow":"follow","max-snippet":"max-snippet:-1","max-image-preview":"max-image-preview:large","max-video-preview":"max-video-preview:-1"},"canonical":"https:\/\/www.camping-caussanel.fr\/de\/stellplaetze-aveyron\/","og_locale":"de_DE","og_type":"article","og_title":"Unsere Campingplatz Stellpl\u00e4tzen im Aveyron - Camping Caussanel","og_description":"Wie w\u00e4re es zur Abwechslung mit einem Urlaub unter freiem Himmel im sch\u00f6nen Departement Aveyron? Unser Campingplatz Le Caussanel in Canet-de-Salars, am Ufer des Sees von Pareloup, l\u00e4dt Sie ein, einen unvergesslichen Aufenthalt auf den gr\u00fcnen Stellpl\u00e4tzen in einem sch\u00f6nen Park mit B\u00e4umen zu verbringen, der zum Entspannen einl\u00e4dt. Stellen Sie sich vor, Sie bauen [&hellip;]","og_url":"https:\/\/www.camping-caussanel.fr\/de\/stellplaetze-aveyron\/","og_site_name":"Camping Caussanel","article_modified_time":"2024-09-23T11:04:19+00:00","twitter_card":"summary_large_image","twitter_misc":{"Gesch\u00e4tzte Lesezeit":"1\u00a0Minute"},"schema":{"@context":"https:\/\/schema.org","@graph":[{"@type":"WebPage","@id":"https:\/\/www.camping-caussanel.fr\/de\/stellplaetze-aveyron\/","url":"https:\/\/www.camping-caussanel.fr\/de\/stellplaetze-aveyron\/","name":"Unsere Campingplatz Stellpl\u00e4tzen im Aveyron - Camping Caussanel","isPartOf":{"@id":"https:\/\/www.camping-caussanel.fr\/de\/#website"},"datePublished":"2024-09-13T08:02:29+00:00","dateModified":"2024-09-23T11:04:19+00:00","breadcrumb":{"@id":"https:\/\/www.camping-caussanel.fr\/de\/stellplaetze-aveyron\/#breadcrumb"},"inLanguage":"de","potentialAction":[{"@type":"ReadAction","target":["https:\/\/www.camping-caussanel.fr\/de\/stellplaetze-aveyron\/"]}]},{"@type":"BreadcrumbList","@id":"https:\/\/www.camping-caussanel.fr\/de\/stellplaetze-aveyron\/#breadcrumb","itemListElement":[{"@type":"ListItem","position":1,"name":"Accueil","item":"https:\/\/www.camping-caussanel.fr\/de\/"},{"@type":"ListItem","position":2,"name":"Unsere Campingplatz Stellpl\u00e4tzen im Aveyron"}]},{"@type":"WebSite","@id":"https:\/\/www.camping-caussanel.fr\/de\/#website","url":"https:\/\/www.camping-caussanel.fr\/de\/","name":"Camping 1","description":"","potentialAction":[{"@type":"SearchAction","target":{"@type":"EntryPoint","urlTemplate":"https:\/\/www.camping-caussanel.fr\/de\/?s={search_term_string}"},"query-input":{"@type":"PropertyValueSpecification","valueRequired":true,"valueName":"search_term_string"}}],"inLanguage":"de"}]}},"_links":{"self":[{"href":"https:\/\/www.camping-caussanel.fr\/de\/wp-json\/wp\/v2\/pages\/2967","targetHints":{"allow":["GET"]}}],"collection":[{"href":"https:\/\/www.camping-caussanel.fr\/de\/wp-json\/wp\/v2\/pages"}],"about":[{"href":"https:\/\/www.camping-caussanel.fr\/de\/wp-json\/wp\/v2\/types\/page"}],"author":[{"embeddable":true,"href":"https:\/\/www.camping-caussanel.fr\/de\/wp-json\/wp\/v2\/users\/1"}],"replies":[{"embeddable":true,"href":"https:\/\/www.camping-caussanel.fr\/de\/wp-json\/wp\/v2\/comments?post=2967"}],"version-history":[{"count":3,"href":"https:\/\/www.camping-caussanel.fr\/de\/wp-json\/wp\/v2\/pages\/2967\/revisions"}],"predecessor-version":[{"id":3290,"href":"https:\/\/www.camping-caussanel.fr\/de\/wp-json\/wp\/v2\/pages\/2967\/revisions\/3290"}],"wp:attachment":[{"href":"https:\/\/www.camping-caussanel.fr\/de\/wp-json\/wp\/v2\/media?parent=2967"}],"curies":[{"name":"wp","href":"https:\/\/api.w.org\/{rel}","templated":true}]}}